{"id":7773,"date":"2024-05-10T17:33:00","date_gmt":"2024-05-10T15:33:00","guid":{"rendered":"https:\/\/impactify.io\/kontaktieren-sie-uns\/"},"modified":"2025-09-18T14:44:33","modified_gmt":"2025-09-18T12:44:33","slug":"kontaktieren-sie-uns","status":"publish","type":"page","link":"https:\/\/impactify.io\/de\/kontaktieren-sie-uns\/","title":{"rendered":"Kontaktieren Sie uns"},"content":{"rendered":"\t\t<div data-elementor-type=\"wp-page\" data-elementor-id=\"7773\" class=\"elementor elementor-7773 elementor-1390\" data-elementor-post-type=\"page\">\n\t\t\t\t<header class=\"elementor-element elementor-element-7a98cf00 e-flex e-con-boxed e-con e-parent\" data-id=\"7a98cf00\" data-element_type=\"container\" data-e-type=\"container\" data-settings=\"{&quot;background_background&quot;:&quot;classic&quot;,&quot;shape_divider_bottom&quot;:&quot;tilt&quot;}\">\n\t\t\t\t\t<div class=\"e-con-inner\">\n\t\t\t\t<div class=\"elementor-shape elementor-shape-bottom\" aria-hidden=\"true\" data-negative=\"false\">\n\t\t\t<svg xmlns=\"http:\/\/www.w3.org\/2000\/svg\" viewBox=\"0 0 1000 100\" preserveAspectRatio=\"none\">\n\t<path class=\"elementor-shape-fill\" d=\"M0,6V0h1000v100L0,6z\"\/>\n<\/svg>\t\t<\/div>\n\t\t\t\t\t<\/div>\n\t\t\t\t<\/header>\n\t\t<div class=\"elementor-element elementor-element-0ade331 e-flex e-con-boxed e-con e-parent\" data-id=\"0ade331\" data-element_type=\"container\" data-e-type=\"container\">\n\t\t\t\t\t<div class=\"e-con-inner\">\n\t\t<div class=\"elementor-element elementor-element-326815f e-con-full e-flex e-con e-child\" data-id=\"326815f\" data-element_type=\"container\" data-e-type=\"container\">\n\t\t\t\t<div class=\"elementor-element elementor-element-23fb72b elementor-widget elementor-widget-heading\" data-id=\"23fb72b\" data-element_type=\"widget\" data-e-type=\"widget\" data-widget_type=\"heading.default\">\n\t\t\t\t<div class=\"elementor-widget-container\">\n\t\t\t\t\t<h2 class=\"elementor-heading-title elementor-size-default\">Treten Sie mit unserem hervorragenden Team in Verbindung<\/h2>\t\t\t\t<\/div>\n\t\t\t\t<\/div>\n\t\t\t\t<div class=\"elementor-element elementor-element-894baa2 elementor-widget elementor-widget-text-editor\" data-id=\"894baa2\" data-element_type=\"widget\" data-e-type=\"widget\" data-widget_type=\"text-editor.default\">\n\t\t\t\t<div class=\"elementor-widget-container\">\n\t\t\t\t\t\t\t\t\t<p>Wir sind Ihr Partner, um digitale Werbung f\u00fcr Sie Wunder wirken zu lassen. <strong>F\u00fcllen Sie das Formular aus<\/strong>, und wir werden uns in K\u00fcrze bei Ihnen melden \u2013 wir freuen uns darauf, von Ihnen zu h\u00f6ren und Ihnen behilflich zu sein.<\/p><p><strong>Lassen Sie uns dieses Gespr\u00e4ch beginnen und gemeinsam neue M\u00f6glichkeiten erschlie\u00dfen!<\/strong><\/p>\t\t\t\t\t\t\t\t<\/div>\n\t\t\t\t<\/div>\n\t\t\t\t<\/div>\n\t\t<div class=\"elementor-element elementor-element-d88834e e-con-full e-flex e-con e-child\" data-id=\"d88834e\" data-element_type=\"container\" data-e-type=\"container\">\n\t\t\t\t<div class=\"elementor-element elementor-element-bd4731d elementor-widget elementor-widget-form\" data-id=\"bd4731d\" data-element_type=\"widget\" data-e-type=\"widget\" data-settings=\"{&quot;step_next_label&quot;:&quot;N\\u00e4chstes&quot;,&quot;step_previous_label&quot;:&quot;Vorheriges&quot;,&quot;button_width&quot;:&quot;100&quot;,&quot;step_type&quot;:&quot;number_text&quot;,&quot;step_icon_shape&quot;:&quot;circle&quot;}\" data-widget_type=\"form.default\">\n\t\t\t\t<div class=\"elementor-widget-container\">\n\t\t\t\t\t\t\t<form class=\"elementor-form\" method=\"post\" name=\"Kontaktformular Desktop\" aria-label=\"Kontaktformular Desktop\" novalidate=\"\">\n\t\t\t<input type=\"hidden\" name=\"post_id\" value=\"7773\"\/>\n\t\t\t<input type=\"hidden\" name=\"form_id\" value=\"bd4731d\"\/>\n\t\t\t<input type=\"hidden\" name=\"referer_title\" value=\"Kontaktieren Sie uns\" \/>\n\n\t\t\t\t\t\t\t<input type=\"hidden\" name=\"queried_id\" value=\"7773\"\/>\n\t\t\t\n\t\t\t<div class=\"elementor-form-fields-wrapper elementor-labels-above\">\n\t\t\t\t\t\t\t\t<div class=\"elementor-field-type-text elementor-field-group elementor-column elementor-field-group-field_3e83e0e elementor-col-50 elementor-field-required elementor-mark-required\">\n\t\t\t\t\t\t\t\t\t\t\t\t<label for=\"form-field-field_3e83e0e\" class=\"elementor-field-label\">\n\t\t\t\t\t\t\t\tVorname\t\t\t\t\t\t\t<\/label>\n\t\t\t\t\t\t\t\t\t\t\t\t\t\t<input size=\"1\" type=\"text\" name=\"form_fields[field_3e83e0e]\" id=\"form-field-field_3e83e0e\" class=\"elementor-field elementor-size-sm  elementor-field-textual\" required=\"required\">\n\t\t\t\t\t\t\t\t\t\t\t<\/div>\n\t\t\t\t\t\t\t\t<div class=\"elementor-field-type-text elementor-field-group elementor-column elementor-field-group-name elementor-col-50 elementor-field-required elementor-mark-required\">\n\t\t\t\t\t\t\t\t\t\t\t\t<label for=\"form-field-name\" class=\"elementor-field-label\">\n\t\t\t\t\t\t\t\tNachname\t\t\t\t\t\t\t<\/label>\n\t\t\t\t\t\t\t\t\t\t\t\t\t\t<input size=\"1\" type=\"text\" name=\"form_fields[name]\" id=\"form-field-name\" class=\"elementor-field elementor-size-sm  elementor-field-textual\" required=\"required\">\n\t\t\t\t\t\t\t\t\t\t\t<\/div>\n\t\t\t\t\t\t\t\t<div class=\"elementor-field-type-email elementor-field-group elementor-column elementor-field-group-email elementor-col-50 elementor-field-required elementor-mark-required\">\n\t\t\t\t\t\t\t\t\t\t\t\t<label for=\"form-field-email\" class=\"elementor-field-label\">\n\t\t\t\t\t\t\t\tE-Mail\t\t\t\t\t\t\t<\/label>\n\t\t\t\t\t\t\t\t\t\t\t\t\t\t<input size=\"1\" type=\"email\" name=\"form_fields[email]\" id=\"form-field-email\" class=\"elementor-field elementor-size-sm  elementor-field-textual\" required=\"required\">\n\t\t\t\t\t\t\t\t\t\t\t<\/div>\n\t\t\t\t\t\t\t\t<div class=\"elementor-field-type-text elementor-field-group elementor-column elementor-field-group-field_3ab8f17 elementor-col-50\">\n\t\t\t\t\t\t\t\t\t\t\t\t<label for=\"form-field-field_3ab8f17\" class=\"elementor-field-label\">\n\t\t\t\t\t\t\t\tBerufsbezeichnung\t\t\t\t\t\t\t<\/label>\n\t\t\t\t\t\t\t\t\t\t\t\t\t\t<input size=\"1\" type=\"text\" name=\"form_fields[field_3ab8f17]\" id=\"form-field-field_3ab8f17\" class=\"elementor-field elementor-size-sm  elementor-field-textual\">\n\t\t\t\t\t\t\t\t\t\t\t<\/div>\n\t\t\t\t\t\t\t\t<div class=\"elementor-field-type-tel elementor-field-group elementor-column elementor-field-group-field_df8113e elementor-col-50\">\n\t\t\t\t\t\t\t\t\t\t\t\t<label for=\"form-field-field_df8113e\" class=\"elementor-field-label\">\n\t\t\t\t\t\t\t\tTelefonnummer\t\t\t\t\t\t\t<\/label>\n\t\t\t\t\t\t\t\t<input size=\"1\" type=\"tel\" name=\"form_fields[field_df8113e]\" id=\"form-field-field_df8113e\" class=\"elementor-field elementor-size-sm  elementor-field-textual\" pattern=\"[0-9()#&amp;+*-=.]+\" title=\"Nur Nummern oder Telefon-Zeichen (#, -, *, etc) werden akzeptiert.\">\n\n\t\t\t\t\t\t<\/div>\n\t\t\t\t\t\t\t\t<div class=\"elementor-field-type-text elementor-field-group elementor-column elementor-field-group-field_497edd1 elementor-col-50 elementor-field-required elementor-mark-required\">\n\t\t\t\t\t\t\t\t\t\t\t\t<label for=\"form-field-field_497edd1\" class=\"elementor-field-label\">\n\t\t\t\t\t\t\t\tLand\t\t\t\t\t\t\t<\/label>\n\t\t\t\t\t\t\t\t\t\t\t\t\t\t<input size=\"1\" type=\"text\" name=\"form_fields[field_497edd1]\" id=\"form-field-field_497edd1\" class=\"elementor-field elementor-size-sm  elementor-field-textual\" required=\"required\">\n\t\t\t\t\t\t\t\t\t\t\t<\/div>\n\t\t\t\t\t\t\t\t<div class=\"elementor-field-type-text elementor-field-group elementor-column elementor-field-group-field_99c6d44 elementor-col-50\">\n\t\t\t\t\t\t\t\t\t\t\t\t<label for=\"form-field-field_99c6d44\" class=\"elementor-field-label\">\n\t\t\t\t\t\t\t\tUnternehmen\t\t\t\t\t\t\t<\/label>\n\t\t\t\t\t\t\t\t\t\t\t\t\t\t<input size=\"1\" type=\"text\" name=\"form_fields[field_99c6d44]\" id=\"form-field-field_99c6d44\" class=\"elementor-field elementor-size-sm  elementor-field-textual\">\n\t\t\t\t\t\t\t\t\t\t\t<\/div>\n\t\t\t\t\t\t\t\t<div class=\"elementor-field-type-select elementor-field-group elementor-column elementor-field-group-field_845130c elementor-col-50 elementor-field-required elementor-mark-required\">\n\t\t\t\t\t\t\t\t\t\t\t\t<label for=\"form-field-field_845130c\" class=\"elementor-field-label\">\n\t\t\t\t\t\t\t\tUnternehmenstyp\t\t\t\t\t\t\t<\/label>\n\t\t\t\t\t\t\t\t<div class=\"elementor-field elementor-select-wrapper remove-before \">\n\t\t\t<div class=\"select-caret-down-wrapper\">\n\t\t\t\t<svg aria-hidden=\"true\" class=\"e-font-icon-svg e-eicon-caret-down\" viewBox=\"0 0 571.4 571.4\" xmlns=\"http:\/\/www.w3.org\/2000\/svg\"><path d=\"M571 393Q571 407 561 418L311 668Q300 679 286 679T261 668L11 418Q0 407 0 393T11 368 36 357H536Q550 357 561 368T571 393Z\"><\/path><\/svg>\t\t\t<\/div>\n\t\t\t<select name=\"form_fields[field_845130c]\" id=\"form-field-field_845130c\" class=\"elementor-field-textual elementor-size-sm\" required=\"required\">\n\t\t\t\t\t\t\t\t\t<option value=\"-\">-<\/option>\n\t\t\t\t\t\t\t\t\t<option value=\"Werbetreibender\">Werbetreibender<\/option>\n\t\t\t\t\t\t\t\t\t<option value=\"Agentur\">Agentur<\/option>\n\t\t\t\t\t\t\t\t\t<option value=\"Verleger\">Verleger<\/option>\n\t\t\t\t\t\t\t\t\t<option value=\"Technologieanbieter\">Technologieanbieter<\/option>\n\t\t\t\t\t\t\t\t\t<option value=\"Investor\">Investor<\/option>\n\t\t\t\t\t\t\t\t\t<option value=\"Presse\">Presse<\/option>\n\t\t\t\t\t\t\t\t\t<option value=\"Bewerber\">Bewerber<\/option>\n\t\t\t\t\t\t\t\t\t<option value=\"Sonstiges\">Sonstiges<\/option>\n\t\t\t\t\t\t\t<\/select>\n\t\t<\/div>\n\t\t\t\t\t\t<\/div>\n\t\t\t\t\t\t\t\t<div class=\"elementor-field-type-textarea elementor-field-group elementor-column elementor-field-group-message elementor-col-100 elementor-field-required elementor-mark-required\">\n\t\t\t\t\t\t\t\t\t\t\t\t<label for=\"form-field-message\" class=\"elementor-field-label\">\n\t\t\t\t\t\t\t\tNachricht\t\t\t\t\t\t\t<\/label>\n\t\t\t\t\t\t<textarea class=\"elementor-field-textual elementor-field  elementor-size-sm\" name=\"form_fields[message]\" id=\"form-field-message\" rows=\"8\" required=\"required\"><\/textarea>\t\t\t\t<\/div>\n\t\t\t\t\t\t\t\t<div class=\"elementor-field-type-select elementor-field-group elementor-column elementor-field-group-field_8ca4593 elementor-col-100\">\n\t\t\t\t\t\t\t\t\t\t\t\t<label for=\"form-field-field_8ca4593\" class=\"elementor-field-label\">\n\t\t\t\t\t\t\t\tWie haben Sie von uns erfahren?\t\t\t\t\t\t\t<\/label>\n\t\t\t\t\t\t\t\t<div class=\"elementor-field elementor-select-wrapper remove-before \">\n\t\t\t<div class=\"select-caret-down-wrapper\">\n\t\t\t\t<svg aria-hidden=\"true\" class=\"e-font-icon-svg e-eicon-caret-down\" viewBox=\"0 0 571.4 571.4\" xmlns=\"http:\/\/www.w3.org\/2000\/svg\"><path d=\"M571 393Q571 407 561 418L311 668Q300 679 286 679T261 668L11 418Q0 407 0 393T11 368 36 357H536Q550 357 561 368T571 393Z\"><\/path><\/svg>\t\t\t<\/div>\n\t\t\t<select name=\"form_fields[field_8ca4593]\" id=\"form-field-field_8ca4593\" class=\"elementor-field-textual elementor-size-sm\">\n\t\t\t\t\t\t\t\t\t<option value=\"-\">-<\/option>\n\t\t\t\t\t\t\t\t\t<option value=\"Empfehlung eines unserer Kunden oder Partner\">Empfehlung eines unserer Kunden oder Partner<\/option>\n\t\t\t\t\t\t\t\t\t<option value=\"Empfehlung eines Kollegen\">Empfehlung eines Kollegen<\/option>\n\t\t\t\t\t\t\t\t\t<option value=\"Suchmaschine (Google, Bing...)\">Suchmaschine (Google, Bing...)<\/option>\n\t\t\t\t\t\t\t\t\t<option value=\"LinkedIn\">LinkedIn<\/option>\n\t\t\t\t\t\t\t\t\t<option value=\"Anzeigen\">Anzeigen<\/option>\n\t\t\t\t\t\t\t\t\t<option value=\"Presse\">Presse<\/option>\n\t\t\t\t\t\t\t\t\t<option value=\"Veranstaltung\">Veranstaltung<\/option>\n\t\t\t\t\t\t\t\t\t<option value=\"Sonstiges\">Sonstiges<\/option>\n\t\t\t\t\t\t\t<\/select>\n\t\t<\/div>\n\t\t\t\t\t\t<\/div>\n\t\t\t\t\t\t\t\t<div class=\"elementor-field-type-recaptcha_v3 elementor-field-group elementor-column elementor-field-group-field_a42a3f7 elementor-col-100 recaptcha_v3-bottomright\">\n\t\t\t\t\t<div class=\"elementor-field\" id=\"form-field-field_a42a3f7\"><div class=\"elementor-g-recaptcha\" data-sitekey=\"6LfSkfQpAAAAAJjTh5ivHu3b9sjrFn4itutOSLqX\" data-type=\"v3\" data-action=\"Form\" data-badge=\"bottomright\" data-size=\"invisible\"><\/div><\/div>\t\t\t\t<\/div>\n\t\t\t\t\t\t\t\t<div class=\"elementor-field-group elementor-column elementor-field-type-submit elementor-col-100 e-form__buttons\">\n\t\t\t\t\t<button class=\"elementor-button elementor-size-sm\" type=\"submit\">\n\t\t\t\t\t\t<span class=\"elementor-button-content-wrapper\">\n\t\t\t\t\t\t\t\t\t\t\t\t\t\t\t\t\t\t\t\t\t\t<span class=\"elementor-button-text\">Senden<\/span>\n\t\t\t\t\t\t\t\t\t\t\t\t\t<\/span>\n\t\t\t\t\t<\/button>\n\t\t\t\t<\/div>\n\t\t\t<\/div>\n\t\t<\/form>\n\t\t\t\t\t\t<\/div>\n\t\t\t\t<\/div>\n\t\t\t\t<\/div>\n\t\t\t\t\t<\/div>\n\t\t\t\t<\/div>\n\t\t<div class=\"elementor-element elementor-element-3bd20756 e-flex e-con-boxed e-con e-parent\" data-id=\"3bd20756\" data-element_type=\"container\" data-e-type=\"container\" data-settings=\"{&quot;background_background&quot;:&quot;classic&quot;}\">\n\t\t\t\t\t<div class=\"e-con-inner\">\n\t\t<div class=\"elementor-element elementor-element-581d9852 e-flex e-con-boxed e-con e-child\" data-id=\"581d9852\" data-element_type=\"container\" data-e-type=\"container\">\n\t\t\t\t\t<div class=\"e-con-inner\">\n\t\t\t\t<div class=\"elementor-element elementor-element-745b48be elementor-widget elementor-widget-heading\" data-id=\"745b48be\" data-element_type=\"widget\" data-e-type=\"widget\" data-widget_type=\"heading.default\">\n\t\t\t\t<div class=\"elementor-widget-container\">\n\t\t\t\t\t<h2 class=\"elementor-heading-title elementor-size-default\"><h2 class=\"elementor-heading-title elementor-size-default elementor-inline-editing\" data-elementor-setting-key=\"title\"> <span class=\"gradient-text\">Vertrauensw\u00fcrdiger Partner<\/span> vieler Unternehmen<\/h2><\/h2>\t\t\t\t<\/div>\n\t\t\t\t<\/div>\n\t\t\t\t<div class=\"elementor-element elementor-element-b90af1b elementor-widget elementor-widget-gallery\" data-id=\"b90af1b\" data-element_type=\"widget\" data-e-type=\"widget\" data-settings=\"{&quot;columns&quot;:5,&quot;gap&quot;:{&quot;unit&quot;:&quot;px&quot;,&quot;size&quot;:50,&quot;sizes&quot;:[]},&quot;aspect_ratio&quot;:&quot;21:9&quot;,&quot;columns_tablet&quot;:5,&quot;columns_mobile&quot;:2,&quot;gap_tablet&quot;:{&quot;unit&quot;:&quot;px&quot;,&quot;size&quot;:25,&quot;sizes&quot;:[]},&quot;image_hover_animation&quot;:&quot;grow&quot;,&quot;lazyload&quot;:&quot;yes&quot;,&quot;gallery_layout&quot;:&quot;grid&quot;,&quot;gap_mobile&quot;:{&quot;unit&quot;:&quot;px&quot;,&quot;size&quot;:10,&quot;sizes&quot;:[]},&quot;content_hover_animation&quot;:&quot;fade-in&quot;}\" data-widget_type=\"gallery.default\">\n\t\t\t\t<div class=\"elementor-widget-container\">\n\t\t\t\t\t\t\t<div class=\"elementor-gallery__container\">\n\t\t\t\t\t\t\t<div class=\"e-gallery-item elementor-gallery-item elementor-animated-content\">\n\t\t\t\t\t<div class=\"e-gallery-image elementor-gallery-item__image\" data-thumbnail=\"https:\/\/impactify.io\/wp-content\/uploads\/2024\/06\/20Minutes-1.svg\" data-width=\"500\" data-height=\"500\" aria-label=\"\" role=\"img\" ><\/div>\n\t\t\t\t\t\t\t\t\t\t\t\t\t\t<\/div>\n\t\t\t\t\t\t\t<div class=\"e-gallery-item elementor-gallery-item elementor-animated-content\">\n\t\t\t\t\t<div class=\"e-gallery-image elementor-gallery-item__image\" data-thumbnail=\"https:\/\/impactify.io\/wp-content\/uploads\/2024\/04\/Untitled-1_mashable.svg\" data-width=\"400\" data-height=\"400\" aria-label=\"\" role=\"img\" ><\/div>\n\t\t\t\t\t\t\t\t\t\t\t\t\t\t<\/div>\n\t\t\t\t\t\t\t<div class=\"e-gallery-item elementor-gallery-item elementor-animated-content\">\n\t\t\t\t\t<div class=\"e-gallery-image elementor-gallery-item__image\" data-thumbnail=\"https:\/\/impactify.io\/wp-content\/uploads\/2025\/01\/Magnite.svg\" data-width=\"600\" data-height=\"450\" aria-label=\"\" role=\"img\" ><\/div>\n\t\t\t\t\t\t\t\t\t\t\t\t\t\t<\/div>\n\t\t\t\t\t\t\t<div class=\"e-gallery-item elementor-gallery-item elementor-animated-content\">\n\t\t\t\t\t<div class=\"e-gallery-image elementor-gallery-item__image\" data-thumbnail=\"https:\/\/impactify.io\/wp-content\/uploads\/2024\/06\/Eatde-1.svg\" data-width=\"500\" data-height=\"500\" aria-label=\"\" role=\"img\" ><\/div>\n\t\t\t\t\t\t\t\t\t\t\t\t\t\t<\/div>\n\t\t\t\t\t\t\t<div class=\"e-gallery-item elementor-gallery-item elementor-animated-content\">\n\t\t\t\t\t<div class=\"e-gallery-image elementor-gallery-item__image\" data-thumbnail=\"https:\/\/impactify.io\/wp-content\/uploads\/2024\/04\/Untitled-1_forbes.svg\" data-width=\"400\" data-height=\"400\" aria-label=\"\" role=\"img\" ><\/div>\n\t\t\t\t\t\t\t\t\t\t\t\t\t\t<\/div>\n\t\t\t\t\t\t\t<div class=\"e-gallery-item elementor-gallery-item elementor-animated-content\">\n\t\t\t\t\t<div class=\"e-gallery-image elementor-gallery-item__image\" data-thumbnail=\"https:\/\/impactify.io\/wp-content\/uploads\/2024\/04\/Untitled-1_newsweek.svg\" data-width=\"400\" data-height=\"400\" aria-label=\"\" role=\"img\" ><\/div>\n\t\t\t\t\t\t\t\t\t\t\t\t\t\t<\/div>\n\t\t\t\t\t\t\t<div class=\"e-gallery-item elementor-gallery-item elementor-animated-content\">\n\t\t\t\t\t<div class=\"e-gallery-image elementor-gallery-item__image\" data-thumbnail=\"https:\/\/impactify.io\/wp-content\/uploads\/2025\/01\/Google-2.svg\" data-width=\"1200\" data-height=\"800\" aria-label=\"\" role=\"img\" ><\/div>\n\t\t\t\t\t\t\t\t\t\t\t\t\t\t<\/div>\n\t\t\t\t\t\t\t<div class=\"e-gallery-item elementor-gallery-item elementor-animated-content\">\n\t\t\t\t\t<div class=\"e-gallery-image elementor-gallery-item__image\" data-thumbnail=\"https:\/\/impactify.io\/wp-content\/uploads\/2024\/04\/Untitled-1_line-today.svg\" data-width=\"400\" data-height=\"400\" aria-label=\"\" role=\"img\" ><\/div>\n\t\t\t\t\t\t\t\t\t\t\t\t\t\t<\/div>\n\t\t\t\t\t\t\t<div class=\"e-gallery-item elementor-gallery-item elementor-animated-content\">\n\t\t\t\t\t<div class=\"e-gallery-image elementor-gallery-item__image\" data-thumbnail=\"https:\/\/impactify.io\/wp-content\/uploads\/2024\/04\/small-apple.svg\" data-width=\"400\" data-height=\"400\" aria-label=\"\" role=\"img\" ><\/div>\n\t\t\t\t\t\t\t\t\t\t\t\t\t\t<\/div>\n\t\t\t\t\t\t\t<div class=\"e-gallery-item elementor-gallery-item elementor-animated-content\">\n\t\t\t\t\t<div class=\"e-gallery-image elementor-gallery-item__image\" data-thumbnail=\"https:\/\/impactify.io\/wp-content\/uploads\/2024\/04\/Untitled-1_huffpost.svg\" data-width=\"400\" data-height=\"400\" aria-label=\"\" role=\"img\" ><\/div>\n\t\t\t\t\t\t\t\t\t\t\t\t\t\t<\/div>\n\t\t\t\t\t<\/div>\n\t\t\t\t\t<\/div>\n\t\t\t\t<\/div>\n\t\t\t\t\t<\/div>\n\t\t\t\t<\/div>\n\t\t\t\t\t<\/div>\n\t\t\t\t<\/div>\n\t\t\t\t<\/div>\n\t\t","protected":false},"excerpt":{"rendered":"<p>Treten Sie mit unserem hervorragenden Team in Verbindung Wir sind Ihr Partner, um digitale Werbung f\u00fcr Sie Wunder wirken zu lassen. F\u00fcllen Sie das Formular aus, und wir werden uns in K\u00fcrze bei Ihnen melden \u2013 wir freuen uns darauf, von Ihnen zu h\u00f6ren und Ihnen behilflich zu sein. Lassen Sie uns dieses Gespr\u00e4ch beginnen [&hellip;]<\/p>\n","protected":false},"author":249730118,"featured_media":0,"parent":0,"menu_order":0,"comment_status":"closed","ping_status":"closed","template":"elementor_header_footer","meta":{"_crdt_document":"","inline_featured_image":false,"advanced_seo_description":"","jetpack_seo_html_title":"","jetpack_seo_noindex":false,"footnotes":""},"class_list":["post-7773","page","type-page","status-publish","hentry"],"jetpack_likes_enabled":true,"jetpack_sharing_enabled":true,"jetpack_shortlink":"https:\/\/wp.me\/PfIqIm-21n","jetpack-related-posts":[{"id":7775,"url":"https:\/\/impactify.io\/de\/fuer-verleger-premium-anzeigen-bessere-monetarisierung\/","url_meta":{"origin":7773,"position":0},"title":"F\u00fcr Verleger","author":"Aurelie","date":"5. Mai 2024","format":false,"excerpt":"Maximieren Sie Ihre Werbeeinnahmen mit Impactify Monetarisieren Sie Ihren Content mit performanten, nutzerzentrierten Ad-Formaten, die sowohl Engagement als auch Revenue maximieren. Revenue Boost - let's go! Bei Publishern beliebt, bei Advertisern bevorzugt Die f\u00fchrende Sticky-Footer-Anzeigenl\u00f6sung in der Branche Warum Publisher den Impact Screen sch\u00e4tzen: Beliebt bei BrandsOrientiert sich an den\u2026","rel":"","context":"\u00c4hnlicher Beitrag","block_context":{"text":"\u00c4hnlicher Beitrag","link":""},"img":{"alt_text":"","src":"","width":0,"height":0},"classes":[]},{"id":7769,"url":"https:\/\/impactify.io\/de\/ueber-impactify\/","url_meta":{"origin":7773,"position":1},"title":"\u00dcber Impactify","author":"Aurelie","date":"23. April 2024","format":false,"excerpt":"Willkommen bei Impactify! Wo Innovation auf Performance trifft Wer wir sind Unser Team widmet sich der Innovation der digital Experience, sowohl f\u00fcr Advertiser als auch f\u00fcr Publisher. Unser Team hat es sich zur Aufgabe gemacht, die digitale Werbelandschaft f\u00fcr Publisher und Advertiser neu zu gestalten. Deshalb entwickeln wir L\u00f6sungen, die\u2026","rel":"","context":"\u00c4hnlicher Beitrag","block_context":{"text":"\u00c4hnlicher Beitrag","link":""},"img":{"alt_text":"","src":"","width":0,"height":0},"classes":[]},{"id":7779,"url":"https:\/\/impactify.io\/de\/faq\/","url_meta":{"origin":7773,"position":2},"title":"FAQ","author":"Aurelie","date":"26. April 2024","format":false,"excerpt":"Was ist Impactify? Wir sind eine Premium-Monetarisierungsplattform, die entwickelt wurde, um Publishern bei der Steigerung ihrer Einnahmen zu helfen und Marken dabei zu unterst\u00fctzen, eine h\u00f6here Wirkung auf ihre Zielgruppen zu erzielen. Warum sollte man Impactify w\u00e4hlen? Unsere innovativen Werbeformate bieten einen frischen Ansatz zur Monetarisierung Ihres Publikums. Sie erweitern\u2026","rel":"","context":"\u00c4hnlicher Beitrag","block_context":{"text":"\u00c4hnlicher Beitrag","link":""},"img":{"alt_text":"","src":"","width":0,"height":0},"classes":[]},{"id":7777,"url":"https:\/\/impactify.io\/de\/","url_meta":{"origin":7773,"position":3},"title":"Startseite","author":"Aurelie","date":"6. Juni 2024","format":false,"excerpt":"Nicht nur Ads - sondern Experience Bei Impactify treffen Innovation und ImpactUnsere Werbeplattform liefert hocheffektive Formate mit Fokus auf User Experience und Sichtbarkeit. Ich bin Publisher Ich bin Advertiser Transparent Display 3D Leistungsstarke Ads, die f\u00fcr alle funktioneren Wir erfinden Werbeformate neu und steigern ihre Performance Seamless & SmartEinfach zu\u2026","rel":"","context":"\u00c4hnlicher Beitrag","block_context":{"text":"\u00c4hnlicher Beitrag","link":""},"img":{"alt_text":"","src":"","width":0,"height":0},"classes":[]},{"id":7771,"url":"https:\/\/impactify.io\/de\/werbetreibende\/","url_meta":{"origin":7773,"position":4},"title":"Werbetreibende","author":"Aurelie","date":"5. Mai 2024","format":false,"excerpt":"Gestalten Sie die Zukunft der Werbung mit: Setzen Sie kreative Impulse Let's chat! Heben Sie sich ab und erzielen Sie echte Aufmerksamkeit Jetzt beginnen Showcases Beispiele erfolgreicher Kampagnen https:\/\/cdn.impactify.media\/medias\/creatives\/transparent-demos\/666228007a64f.mp4 Toyota Toyota startete eine hochdynamische Kampagne zur F\u00f6rderung ihrer COE-Verlosung f\u00fcr die Festsaison und entfachte in Zusammenarbeit mit Impactify Begeisterung auf\u2026","rel":"","context":"\u00c4hnlicher Beitrag","block_context":{"text":"\u00c4hnlicher Beitrag","link":""},"img":{"alt_text":"","src":"","width":0,"height":0},"classes":[]},{"id":7225,"url":"https:\/\/impactify.io\/fr\/page-daccueil\/","url_meta":{"origin":7773,"position":5},"title":"Page d&#8217;accueil","author":"Aurelie","date":"6. Juni 2024","format":false,"excerpt":"Quand la pub devient une exp\u00e9rience Notre plateforme globale de mon\u00e9tisation propose des formats uniques, pens\u00e9s pour l'utilisateur et l'annonceur. Reprenez le contr\u00f4le avec nos solutions ! Je suis \u00e9diteur Je suis annonceur Transparent Display 3D Des publicit\u00e9s attrayantes qui conviennent \u00e0 tous Nous repensons les formats publicitaires pour maximiser\u2026","rel":"","context":"\u00c4hnlicher Beitrag","block_context":{"text":"\u00c4hnlicher Beitrag","link":""},"img":{"alt_text":"","src":"","width":0,"height":0},"classes":[]}],"_links":{"self":[{"href":"https:\/\/impactify.io\/de\/wp-json\/wp\/v2\/pages\/7773","targetHints":{"allow":["GET"]}}],"collection":[{"href":"https:\/\/impactify.io\/de\/wp-json\/wp\/v2\/pages"}],"about":[{"href":"https:\/\/impactify.io\/de\/wp-json\/wp\/v2\/types\/page"}],"author":[{"embeddable":true,"href":"https:\/\/impactify.io\/de\/wp-json\/wp\/v2\/users\/249730118"}],"replies":[{"embeddable":true,"href":"https:\/\/impactify.io\/de\/wp-json\/wp\/v2\/comments?post=7773"}],"version-history":[{"count":2,"href":"https:\/\/impactify.io\/de\/wp-json\/wp\/v2\/pages\/7773\/revisions"}],"predecessor-version":[{"id":8622,"href":"https:\/\/impactify.io\/de\/wp-json\/wp\/v2\/pages\/7773\/revisions\/8622"}],"wp:attachment":[{"href":"https:\/\/impactify.io\/de\/wp-json\/wp\/v2\/media?parent=7773"}],"curies":[{"name":"wp","href":"https:\/\/api.w.org\/{rel}","templated":true}]}}