{"id":7779,"date":"2024-04-26T11:24:50","date_gmt":"2024-04-26T09:24:50","guid":{"rendered":"https:\/\/impactify.io\/faq\/"},"modified":"2025-04-08T10:38:51","modified_gmt":"2025-04-08T08:38:51","slug":"faq","status":"publish","type":"page","link":"https:\/\/impactify.io\/de\/faq\/","title":{"rendered":"FAQ"},"content":{"rendered":"\n<h2 class=\"wp-block-heading faq-heading faq-question\">Was ist Impactify?<\/h2>\n\n<p class=\"faq-answer wp-block-paragraph\">Wir sind eine Premium-Monetarisierungsplattform, die entwickelt wurde, um Publishern bei der Steigerung ihrer Einnahmen zu helfen und Marken dabei zu unterst\u00fctzen, eine h\u00f6here Wirkung auf ihre Zielgruppen zu erzielen.<\/p>\n\n<h2 class=\"wp-block-heading faq-question\">Warum sollte man Impactify w\u00e4hlen?<\/h2>\n\n<p class=\"faq-answer wp-block-paragraph\">Unsere innovativen Werbeformate bieten einen frischen Ansatz zur Monetarisierung Ihres Publikums. Sie erweitern Ihr Inventar und maximieren Ihre Einnahmen. Dabei legen wir gro\u00dfen Wert auf die User Experience: Unsere Formate sind nicht aufdringlich, aber garantiert vollst\u00e4ndig sichtbar. Mit einigen der h\u00f6chsten CPMs auf dem Markt sorgen wir f\u00fcr exzellente Performance und optimale Ertr\u00e4ge.   <\/p>\n\n<h2 class=\"wp-block-heading faq-question\">Was ist, wenn ich bereits Werbung auf meiner Website habe?<\/h2>\n\n<p class=\"faq-answer wp-block-paragraph\">Das ist kein Problem. Wir verlangen keine Exklusivit\u00e4t. Dar\u00fcber hinaus kollidieren unsere Werbeformate nicht mit anderen Display-Anzeigen. Sie k\u00f6nnen bequem weiter mit ihrem Setup arbeiten und gleichzeit mit Impactify inkrementellen Revenue generieren.   <\/p>\n\n<h2 class=\"wp-block-heading faq-question\">Welchen eCPM und welche Fillrate kann ich erwarten?<\/h2>\n\n<p class=\"faq-answer wp-block-paragraph\">Je nach Werbekampagnen und Websites k\u00f6nnen Fillrate und eCPM schwanken. Die Preise und Filllrates werden auch vom Content Ihrer Website und dem Publikum, das damit interagiert, beeinflusst. <\/p>\n\n<h2 class=\"wp-block-heading faq-question\">Welche Art von Werbung kann ich auf meinen Websites erwarten?<\/h2>\n\n<p class=\"faq-answer wp-block-paragraph\">Unsere Werbeanzeigen sind von Premium-Qualit\u00e4t. Wir stellen zudem sicher, dass alle Technologiepartner \u00fcber Richtlinien zur Werbequalit\u00e4t verf\u00fcgen, die anst\u00f6\u00dfige, illegale und irref\u00fchrende Kreativinhalte einschr\u00e4nken. <\/p>\n\n<h2 class=\"wp-block-heading faq-question\">Sind Videoanzeigen mit allen Browsern und Ger\u00e4ten kompatibel?<\/h2>\n\n<p class=\"faq-answer wp-block-paragraph\">Ja, sie sind an verschiedene Browser und Ger\u00e4te (Computer, Laptops, Tablets und Smartphones) anpassbar.<\/p>\n\n<h2 class=\"wp-block-heading faq-question\">Wie kann ich herausfinden, ob meine Websites akzeptiert werden oder nicht?<\/h2>\n\n<p class=\"faq-answer wp-block-paragraph\">Impactify beh\u00e4lt sich das Recht vor, Websites mit geringem Traffic (unter 100.000 Aufrufe\/Monat) abzulehnen, aber die redaktionelle Qualit\u00e4t Ihrer Seiten ist die wichtigste Voraussetzung. Eine weitere Anforderung ist, auf aufdringliche Werbeeinheiten zu verzichten und eine angemessene Werbedichte zu haben. Wir arbeiten nicht mit Websites zusammen, die illegale Downloads, Streaming, Hacking, Erwachsenen- oder anst\u00f6\u00dfige Inhalte f\u00f6rdern. Weitere Informationen finden Sie in unserem Abschnitt <a href=\"https:\/\/impactify.io\/terms\/\" target=\"_blank\" rel=\"noreferrer noopener\">Nutzungsbedingungen<\/a>.   <\/p>\n\n<h2 class=\"wp-block-heading faq-question\">Warum werden keine Anzeigen auf meiner Website angezeigt?<\/h2>\n\n<p class=\"faq-answer wp-block-paragraph\">Wahrscheinlich liegt das Problem darin, dass Ihre Werbetags noch nicht mit unserem Netzwerk von Nachfragequellen abgestimmt wurden. Wenn ein neuer Tag erstellt wird, verkn\u00fcpft Impactify ihn mit allen aktuellen Nachfragepartnern. Dies kann bis zu 72 Stunden dauern, daher bitten wir Sie um Geduld, w\u00e4hrend wir Ihre Tags einrichten.  <\/p>\n\n<h2 class=\"wp-block-heading faq-question\">Warum ist meine Fillrate niedrig?<\/h2>\n\n<p class=\"faq-answer wp-block-paragraph\">Der erste Schritt sollte das Verifizieren der ads.txt-Lines sein. Dass alle Lines verbaut sind ist die Grundvorraussetzung einer optimalen Monetisierung. Filrates h\u00e4ngen von verschiedenen Parametern ab, wie z.B das Publikum Ihrer Websites oder auch dem Timing (Loading-Speed z.B.) Sie erzielen bessere Einnahmen, wenn der Tag beim Laden der Seite sofort aufgerufenw wird. Auch wichtig ist die VTR, da oft eine Mindest-VTR durch Advertiser vorausgesetzt wird. Auch Passback-Waterfall-Implementierungen haben starke Auswirkungen auf die Performance.    <\/p>\n\n<h2 class=\"wp-block-heading faq-question\">Warum wurde ich noch nicht bezahlt?<\/h2>\n\n<p class=\"faq-answer wp-block-paragraph\">Sie k\u00f6nnen alle Informationen zu Zahlungen auf der Plattform einsehen. Um f\u00fcr eine Auszahlung berechtigt zu sein, muss Ihr Verdienstsaldo die erforderliche Schwelle von 100 $ bis zum Ende des Zahlungszeitraums \u00fcberschreiten. Stellen Sie sicher, dass Ihre Bankinformationen korrekt sind. Sie erhalten das Geld per Bank\u00fcberweisung 60 Tage nach Validierung des monatlichen Einkommens. Sobald die Zahlung gesendet wurde, finden Sie die Rechnung auf der Plattform.    <\/p>\n\n<h2 class=\"wp-block-heading faq-question\">Ich habe technische Probleme. Wen kann ich kontaktieren? <\/h2>\n\n<p class=\"faq-answer wp-block-paragraph\">Sie k\u00f6nnen uns \u00fcber die Plattform oder per E-Mail kontaktieren, und wir werden Ihre Anfrage in k\u00fcrzester Zeit beantworten.<\/p>\n\n<h2 class=\"wp-block-heading faq-question\"><em>Glossar<\/em><\/h2>\n\n<p class=\"faq-answer wp-block-paragraph\">Anfrage \u2013 Wenn Ihre Website eine Anzeige anfordert.<br\/>Impressionen \u2013 Wie viele Anzeigen angesehen wurden.<br\/>Umsatz \u2013 Wie viel Sie verdient haben.<br\/>CPM \u2013 Kosten pro Tausend. Wert pro tausend Impressionen.<br\/>eCPM \u2013 Effektive Kosten pro Tausend (Gesamteinnahmen\/Gesamtzahl der Impressionen)*1000<br\/>F\u00fcllrate \u2013 Impressionen geteilt durch Anfragen.<br\/>Klicks \u2013 Die Gesamtzahl der Benutzer, die tats\u00e4chlich auf die Anzeige geklickt haben.<br\/>CTR \u2013 Click-Through-Rate, die Anzahl der Klicks geteilt durch Impressionen (%). 2% werden im Markt angestrebt.<br\/>VTR \u2013 View-Through-Rate (oder VCR\/View Completion Rate), Prozentsatz der Impressionen, die die Anzeige vollst\u00e4ndig angesehen haben.<br\/>Ad Tag \u2013 Ein Code-Snippet, der eine Anfrage f\u00fcr eine Anzeige an einen Ad-Server sendet.  <\/p>\n\n<div style=\"height:139px\" aria-hidden=\"true\" class=\"wp-block-spacer\"><\/div>\n","protected":false},"excerpt":{"rendered":"<p>Was ist Impactify? Wir sind eine Premium-Monetarisierungsplattform, die entwickelt wurde, um Publishern bei der Steigerung ihrer Einnahmen zu helfen und Marken dabei zu unterst\u00fctzen, eine h\u00f6here Wirkung auf ihre Zielgruppen zu erzielen. Warum sollte man Impactify w\u00e4hlen? Unsere innovativen Werbeformate bieten einen frischen Ansatz zur Monetarisierung Ihres Publikums. Sie erweitern Ihr Inventar und maximieren Ihre [&hellip;]<\/p>\n","protected":false},"author":249730118,"featured_media":0,"parent":0,"menu_order":0,"comment_status":"closed","ping_status":"closed","template":"elementor_theme","meta":{"_crdt_document":"","inline_featured_image":false,"advanced_seo_description":"","jetpack_seo_html_title":"","jetpack_seo_noindex":false,"footnotes":""},"class_list":["post-7779","page","type-page","status-publish","hentry"],"jetpack_likes_enabled":true,"jetpack_sharing_enabled":true,"jetpack_shortlink":"https:\/\/wp.me\/PfIqIm-21t","jetpack-related-posts":[{"id":7775,"url":"https:\/\/impactify.io\/de\/fuer-verleger-premium-anzeigen-bessere-monetarisierung\/","url_meta":{"origin":7779,"position":0},"title":"F\u00fcr Verleger","author":"Aurelie","date":"5. Mai 2024","format":false,"excerpt":"Maximieren Sie Ihre Werbeeinnahmen mit Impactify Monetarisieren Sie Ihren Content mit performanten, nutzerzentrierten Ad-Formaten, die sowohl Engagement als auch Revenue maximieren. Revenue Boost - let's go! Bei Publishern beliebt, bei Advertisern bevorzugt Die f\u00fchrende Sticky-Footer-Anzeigenl\u00f6sung in der Branche Warum Publisher den Impact Screen sch\u00e4tzen: Beliebt bei BrandsOrientiert sich an den\u2026","rel":"","context":"\u00c4hnlicher Beitrag","block_context":{"text":"\u00c4hnlicher Beitrag","link":""},"img":{"alt_text":"","src":"","width":0,"height":0},"classes":[]},{"id":7777,"url":"https:\/\/impactify.io\/de\/","url_meta":{"origin":7779,"position":1},"title":"Startseite","author":"Aurelie","date":"6. Juni 2024","format":false,"excerpt":"Nicht nur Ads - sondern Experience Bei Impactify treffen Innovation und ImpactUnsere Werbeplattform liefert hocheffektive Formate mit Fokus auf User Experience und Sichtbarkeit. Ich bin Publisher Ich bin Advertiser Transparent Display 3D Leistungsstarke Ads, die f\u00fcr alle funktioneren Wir erfinden Werbeformate neu und steigern ihre Performance Seamless & SmartEinfach zu\u2026","rel":"","context":"\u00c4hnlicher Beitrag","block_context":{"text":"\u00c4hnlicher Beitrag","link":""},"img":{"alt_text":"","src":"","width":0,"height":0},"classes":[]},{"id":7769,"url":"https:\/\/impactify.io\/de\/ueber-impactify\/","url_meta":{"origin":7779,"position":2},"title":"\u00dcber Impactify","author":"Aurelie","date":"23. April 2024","format":false,"excerpt":"Willkommen bei Impactify! Wo Innovation auf Performance trifft Wer wir sind Unser Team widmet sich der Innovation der digital Experience, sowohl f\u00fcr Advertiser als auch f\u00fcr Publisher. Unser Team hat es sich zur Aufgabe gemacht, die digitale Werbelandschaft f\u00fcr Publisher und Advertiser neu zu gestalten. Deshalb entwickeln wir L\u00f6sungen, die\u2026","rel":"","context":"\u00c4hnlicher Beitrag","block_context":{"text":"\u00c4hnlicher Beitrag","link":""},"img":{"alt_text":"","src":"","width":0,"height":0},"classes":[]},{"id":7771,"url":"https:\/\/impactify.io\/de\/werbetreibende\/","url_meta":{"origin":7779,"position":3},"title":"Werbetreibende","author":"Aurelie","date":"5. Mai 2024","format":false,"excerpt":"Gestalten Sie die Zukunft der Werbung mit: Setzen Sie kreative Impulse Let's chat! Heben Sie sich ab und erzielen Sie echte Aufmerksamkeit Jetzt beginnen Showcases Beispiele erfolgreicher Kampagnen https:\/\/cdn.impactify.media\/medias\/creatives\/transparent-demos\/666228007a64f.mp4 Toyota Toyota startete eine hochdynamische Kampagne zur F\u00f6rderung ihrer COE-Verlosung f\u00fcr die Festsaison und entfachte in Zusammenarbeit mit Impactify Begeisterung auf\u2026","rel":"","context":"\u00c4hnlicher Beitrag","block_context":{"text":"\u00c4hnlicher Beitrag","link":""},"img":{"alt_text":"","src":"","width":0,"height":0},"classes":[]},{"id":7773,"url":"https:\/\/impactify.io\/de\/kontaktieren-sie-uns\/","url_meta":{"origin":7779,"position":4},"title":"Kontaktieren Sie uns","author":"Aurelie","date":"10. Mai 2024","format":false,"excerpt":"Treten Sie mit unserem hervorragenden Team in Verbindung Wir sind Ihr Partner, um digitale Werbung f\u00fcr Sie Wunder wirken zu lassen. F\u00fcllen Sie das Formular aus, und wir werden uns in K\u00fcrze bei Ihnen melden \u2013 wir freuen uns darauf, von Ihnen zu h\u00f6ren und Ihnen behilflich zu sein.Lassen Sie\u2026","rel":"","context":"\u00c4hnlicher Beitrag","block_context":{"text":"\u00c4hnlicher Beitrag","link":""},"img":{"alt_text":"","src":"","width":0,"height":0},"classes":[]},{"id":3034,"url":"https:\/\/impactify.io\/general-terms-and-conditions-of-sales\/","url_meta":{"origin":7779,"position":5},"title":"General Terms and Conditions of Sales","author":"Aurelie","date":"6. Juni 2024","format":false,"excerpt":"These general terms and conditions of sales (hereinafter the \"GTCs\") of IMPACTIFY S.\u00e0 r.l., a limited liability company established and having its registered office at 53, All\u00e9e Scheffer, L-2520 Luxembourg, Grand Duchy of Luxembourg and registered with the Luxembourg Trade Register under number B217.585 represented by its board of managers,\u2026","rel":"","context":"\u00c4hnlicher Beitrag","block_context":{"text":"\u00c4hnlicher Beitrag","link":""},"img":{"alt_text":"","src":"","width":0,"height":0},"classes":[]}],"_links":{"self":[{"href":"https:\/\/impactify.io\/de\/wp-json\/wp\/v2\/pages\/7779","targetHints":{"allow":["GET"]}}],"collection":[{"href":"https:\/\/impactify.io\/de\/wp-json\/wp\/v2\/pages"}],"about":[{"href":"https:\/\/impactify.io\/de\/wp-json\/wp\/v2\/types\/page"}],"author":[{"embeddable":true,"href":"https:\/\/impactify.io\/de\/wp-json\/wp\/v2\/users\/249730118"}],"replies":[{"embeddable":true,"href":"https:\/\/impactify.io\/de\/wp-json\/wp\/v2\/comments?post=7779"}],"version-history":[{"count":3,"href":"https:\/\/impactify.io\/de\/wp-json\/wp\/v2\/pages\/7779\/revisions"}],"predecessor-version":[{"id":7890,"href":"https:\/\/impactify.io\/de\/wp-json\/wp\/v2\/pages\/7779\/revisions\/7890"}],"wp:attachment":[{"href":"https:\/\/impactify.io\/de\/wp-json\/wp\/v2\/media?parent=7779"}],"curies":[{"name":"wp","href":"https:\/\/api.w.org\/{rel}","templated":true}]}}