{"id":7160,"date":"2024-04-26T11:24:50","date_gmt":"2024-04-26T09:24:50","guid":{"rendered":"https:\/\/impactify.io\/preguntas-frecuentes\/"},"modified":"2025-05-20T11:09:20","modified_gmt":"2025-05-20T09:09:20","slug":"preguntas-frecuentes","status":"publish","type":"page","link":"https:\/\/impactify.io\/es\/preguntas-frecuentes\/","title":{"rendered":"Preguntas Frecuentes"},"content":{"rendered":"\n<h2 class=\"wp-block-heading faq-heading faq-question\">\u00bfQu\u00e9 es Impactify?<\/h2>\n\n<p class=\"faq-answer wp-block-paragraph\">Somos una plataforma de monetizaci\u00f3n premium dise\u00f1ada para ayudar a los editores a aumentar sus ingresos, y empujar a las marcas a tener un mayor impacto en sus audiencias objetivo.<\/p>\n\n<h2 class=\"wp-block-heading faq-question\">\u00bfPor qu\u00e9 elegir Impactify?<\/h2>\n\n<p class=\"faq-answer wp-block-paragraph\">Nuestros exclusivos bloques de anuncios representan un enfoque totalmente nuevo para monetizar tu audiencia. Nuestros formatos publicitarios ampliar\u00e1n tu inventario y aumentar\u00e1n tus ingresos. Respetamos la experiencia del usuario y por eso nuestro formato es no intrusivo pero 100% visible. \u00a1Nuestros CPM son de los m\u00e1s altos del mercado!   <\/p>\n\n<h2 class=\"wp-block-heading faq-question\">\u00bfQu\u00e9 pasa si ya tengo anuncios en mi sitio web?<\/h2>\n\n<p class=\"faq-answer wp-block-paragraph\">No hay problema. No te pediremos que trabajes exclusivamente con nosotros. Adem\u00e1s, nuestros formatos publicitarios no colisionan con otros anuncios de Display. As\u00ed que puedes utilizar redes publicitarias tradicionales mientras trabajas con Impactify.   <\/p>\n\n<h2 class=\"wp-block-heading faq-question\">\u00bfQu\u00e9 eCPM y Fill Rate puedo esperar?<\/h2>\n\n<p class=\"faq-answer wp-block-paragraph\">Las tasas de llenado y el eCPM pueden variar seg\u00fan las campa\u00f1as publicitarias y los sitios. Lo que afectar\u00e1 a las tasas es el contenido de tu sitio y la audiencia, que interact\u00faan con \u00e9l. <\/p>\n\n<h2 class=\"wp-block-heading faq-question\">\u00bfQu\u00e9 tipo de anuncios puedo esperar en mis sitios web?<\/h2>\n\n<p class=\"faq-answer wp-block-paragraph\">Nuestros anuncios son de calidad premium. Tambi\u00e9n nos aseguramos de que todos nuestros socios tecnol\u00f3gicos cuenten con pol\u00edticas de calidad publicitaria que proh\u00edban creatividades ofensivas, ilegales o enga\u00f1osas. <\/p>\n\n<h2 class=\"wp-block-heading faq-question\">\u00bfSon compatibles los anuncios en v\u00eddeo con todos los navegadores y dispositivos?<\/h2>\n\n<p class=\"faq-answer wp-block-paragraph\">S\u00ed, se adaptan a distintos navegadores y dispositivos (ordenadores, port\u00e1tiles, tabletas y tel\u00e9fonos inteligentes).<\/p>\n\n<h2 class=\"wp-block-heading faq-question\">\u00bfC\u00f3mo puedo saber si mis sitios ser\u00e1n aceptados o no?<\/h2>\n\n<p class=\"faq-answer wp-block-paragraph\">Impactify se reserva el derecho de rechazar sitios con poco tr\u00e1fico (menos de 100.000 visitas mensuales), pero la calidad editorial de tus p\u00e1ginas es el requisito m\u00e1s importante. Otro requisito es abstenerse de anuncios intrusivos y tener una densidad publicitaria razonable. No trabajaremos con sitios que promuevan descargas ilegales, streaming, pirater\u00eda inform\u00e1tica, contenido para adultos u ofensivo. Puedes encontrar m\u00e1s informaci\u00f3n en nuestra secci\u00f3n <a href=\"https:\/\/impactify.io\/terms\/\" target=\"_blank\" rel=\"noreferrer noopener\">Condiciones del servicio<\/a>.   <\/p>\n\n<h2 class=\"wp-block-heading faq-question\">\u00bfPor qu\u00e9 no se muestran los anuncios en mi sitio?<\/h2>\n\n<p class=\"faq-answer wp-block-paragraph\">Probablemente el problema es que tus etiquetas publicitarias a\u00fan no se han alineado con nuestra red de fuentes de demanda. Cuando se crea una nueva etiqueta, Impactify la vincula con todos los socios de demanda actuales. Esto puede tardar hasta 72 horas, as\u00ed que te pedimos que seas paciente mientras configuramos tus etiquetas.  <\/p>\n\n<h2 class=\"wp-block-heading faq-question\">\u00bfPor qu\u00e9 mi tasa de llenado es baja?<\/h2>\n\n<p class=\"faq-answer wp-block-paragraph\">Ser\u00eda una buena idea comprobar tu archivo ads.txt para ver si todas las l\u00edneas son correctas. Los Fill Rates dependen de diferentes par\u00e1metros, como la audiencia de tus sitios y el tiempo. Tambi\u00e9n es importante controlar tu VTR para que no se indique en rojo. Aseg\u00farate de que la etiqueta no est\u00e1 en cascada de passback. No olvides que si la etiqueta se llama en el segundo en que se carga la p\u00e1gina, obtendr\u00e1s un mejor VTR y mayores ingresos.    <\/p>\n\n<h2 class=\"wp-block-heading faq-question\">\u00bfPor qu\u00e9 no me han pagado todav\u00eda?<\/h2>\n\n<p class=\"faq-answer wp-block-paragraph\">Puedes ver toda la informaci\u00f3n sobre los pagos en la plataforma. Para poder recibir el pago, tu saldo de ganancias debe superar el umbral de 100 $ requerido para el pago al final del periodo de pago. Aseg\u00farate de que tus datos bancarios son correctos. Recibir\u00e1s el pago por transferencia bancaria 60 d\u00edas despu\u00e9s de la validaci\u00f3n de los ingresos del mes. Una vez enviado el pago, encontrar\u00e1s la factura en la plataforma.    <\/p>\n\n<h2 class=\"wp-block-heading faq-question\">Tengo problemas t\u00e9cnicos. \u00bfCon qui\u00e9n me pongo en contacto? <\/h2>\n\n<p class=\"faq-answer wp-block-paragraph\">Puedes ponerte en contacto con nosotros a trav\u00e9s de la plataforma o por correo electr\u00f3nico y te devolveremos tu solicitud en el plazo m\u00e1s breve posible.<\/p>\n\n<h2 class=\"wp-block-heading faq-question\"><em>Glosario<\/em><\/h2>\n\n<p class=\"faq-answer wp-block-paragraph\">Solicitud &#8211; Cuando tu sitio web solicita un anuncio.<br\/>Impresiones &#8211; Cu\u00e1ntos anuncios se han visto.<br\/>Ingresos &#8211; Cu\u00e1nto has ganado.<br\/>CPM &#8211; Coste Por Mil. Valor por cada mil impresiones.<br\/>eCPM &#8211; Coste Efectivo Por Mil (Ganancias Totales\/N\u00famero Total de Impresiones)*1000<br\/>Fill Rate &#8211; Impresiones divididas por solicitudes.<br\/>Clics &#8211; El n\u00famero total de usuarios que realmente hicieron clic en el anuncio.<br\/>CTR &#8211; Click Through Rate, el n\u00famero de clics dividido por las impresiones (%). En el mercado se busca un 2%.<br\/>VTR &#8211; View Through Rate (o VCR\/Tasa de finalizaci\u00f3n de visualizaci\u00f3n), porcentaje de impresiones que vieron el anuncio hasta el final.<br\/>Ad Tag &#8211; Fragmento de c\u00f3digo que env\u00eda una solicitud de anuncio a un servidor de anuncios.  <\/p>\n\n<div style=\"height:139px\" aria-hidden=\"true\" class=\"wp-block-spacer\"><\/div>\n","protected":false},"excerpt":{"rendered":"<p>\u00bfQu\u00e9 es Impactify? Somos una plataforma de monetizaci\u00f3n premium dise\u00f1ada para ayudar a los editores a aumentar sus ingresos, y empujar a las marcas a tener un mayor impacto en sus audiencias objetivo. \u00bfPor qu\u00e9 elegir Impactify? Nuestros exclusivos bloques de anuncios representan un enfoque totalmente nuevo para monetizar tu audiencia. Nuestros formatos publicitarios ampliar\u00e1n [&hellip;]<\/p>\n","protected":false},"author":249730118,"featured_media":0,"parent":0,"menu_order":0,"comment_status":"closed","ping_status":"closed","template":"elementor_theme","meta":{"_crdt_document":"","inline_featured_image":false,"advanced_seo_description":"","jetpack_seo_html_title":"","jetpack_seo_noindex":false,"footnotes":""},"class_list":["post-7160","page","type-page","status-publish","hentry"],"jetpack_likes_enabled":true,"jetpack_sharing_enabled":true,"jetpack_shortlink":"https:\/\/wp.me\/PfIqIm-1Ru","jetpack-related-posts":[{"id":7158,"url":"https:\/\/impactify.io\/es\/para-editores-anuncios-premium-mejor-monetizacion\/","url_meta":{"origin":7160,"position":0},"title":"Para editores","author":"Aurelie","date":"5 de mayo de 2024","format":false,"excerpt":"Maximiza tus ingresos publicitarios con Impactify Monetiza tu contenido con formatos publicitarios de gran impacto y f\u00e1ciles de usar que aumentan la participaci\u00f3n y las ganancias Empieza a monetizar Con la confianza de los editores y el cari\u00f1o de los anunciantes La soluci\u00f3n l\u00edder en anuncios adhesivos a pie de\u2026","rel":"","context":"Entrada similar","block_context":{"text":"Entrada similar","link":""},"img":{"alt_text":"","src":"","width":0,"height":0},"classes":[]},{"id":7156,"url":"https:\/\/impactify.io\/es\/anunciantes\/","url_meta":{"origin":7160,"position":1},"title":"Anunciantes","author":"Aurelie","date":"5 de mayo de 2024","format":false,"excerpt":"Crea lo inesperado. Crea con impacto. Hablemos Distingui\u0301te del ruido ambiente, s\u00e9 impactante Empieza ahora Historias de \u00e9xito Descubre c\u00f3mo las marcas crearon Impacto https:\/\/cdn.impactify.media\/medias\/creatives\/transparent-demos\/666228007a64f.mp4 Toyota Toyota lanz\u00f3 una campa\u00f1a de alto octanaje para promocionar su COE como regalo para la temporada festiva, encendiendo el entusiasmo a trav\u00e9s de las\u2026","rel":"","context":"Entrada similar","block_context":{"text":"Entrada similar","link":""},"img":{"alt_text":"","src":"","width":0,"height":0},"classes":[]},{"id":7146,"url":"https:\/\/impactify.io\/es\/acerca-de-impactify\/","url_meta":{"origin":7160,"position":2},"title":"Acerca de Impactify","author":"Aurelie","date":"23 de abril de 2024","format":false,"excerpt":"\u00a1Bienvenido a Impactify! Donde la innovaci\u00f3n y el impacto van de la mano Qui\u00e9nes somos Nuestro equipo se dedica a transformar la manera en que editores y anunciantes experimentan la publicidad digital. Creemos firmemente que la publicidad eficaz debe enriquecer, no interrumpir, la experiencia del usuario, y nos comprometemos a\u2026","rel":"","context":"Entrada similar","block_context":{"text":"Entrada similar","link":""},"img":{"alt_text":"","src":"","width":0,"height":0},"classes":[]},{"id":7148,"url":"https:\/\/impactify.io\/es\/","url_meta":{"origin":7160,"position":3},"title":"P\u00e1gina de inicio","author":"Aurelie","date":"6 de junio de 2024","format":false,"excerpt":"Publicidad de alto impacto En Impactify, \u00a1la innovaci\u00f3n y el impacto van de la mano!Nuestra plataforma publicitaria ofrece formatos de gran impacto centrados en la experiencia del usuario y la visibilidad. \u00a1Eleva tu marca con nosotros! Soy editor Soy anunciante Transparente Mostrar 3D Anuncios que cautivan y funcionan para todos\u2026","rel":"","context":"Entrada similar","block_context":{"text":"Entrada similar","link":""},"img":{"alt_text":"","src":"","width":0,"height":0},"classes":[]},{"id":7154,"url":"https:\/\/impactify.io\/es\/contacta-con-nosotros\/","url_meta":{"origin":7160,"position":4},"title":"Contacta con nosotros","author":"Aurelie","date":"10 de mayo de 2024","format":false,"excerpt":"Ponte en contacto con nuestro s\u00faper equipo Somos tu socio para que la publicidad digital haga maravillas por ti. Rellena el formulario y nos pondremos en contacto contigo en breve: estamos deseando saber de ti y encantados de ayudarte.\u00a1Iniciemos esta conversaci\u00f3n y desbloqueemos juntos nuevas oportunidades! Socio de confianza de\u2026","rel":"","context":"Entrada similar","block_context":{"text":"Entrada similar","link":""},"img":{"alt_text":"","src":"","width":0,"height":0},"classes":[]},{"id":8306,"url":"https:\/\/impactify.io\/pt-pt\/sobre-a-impactify\/","url_meta":{"origin":7160,"position":5},"title":"Sobre a impactify","author":"Aurelie","date":"23 de abril de 2024","format":false,"excerpt":"Bem-vindo \u00e0 Impactify! Onde a inova\u00e7\u00e3o encontra o impacto Quem somos A nossa equipa dedica-se a redefinir a forma como a publicidade digital \u00e9 experienciada tanto por editores como por anunciantes. Acreditamos que a publicidade eficaz deve melhorar, e n\u00e3o interromper, a experi\u00eancia do utilizador, pelo que nos comprometemos a\u2026","rel":"","context":"Entrada similar","block_context":{"text":"Entrada similar","link":""},"img":{"alt_text":"","src":"","width":0,"height":0},"classes":[]}],"_links":{"self":[{"href":"https:\/\/impactify.io\/es\/wp-json\/wp\/v2\/pages\/7160","targetHints":{"allow":["GET"]}}],"collection":[{"href":"https:\/\/impactify.io\/es\/wp-json\/wp\/v2\/pages"}],"about":[{"href":"https:\/\/impactify.io\/es\/wp-json\/wp\/v2\/types\/page"}],"author":[{"embeddable":true,"href":"https:\/\/impactify.io\/es\/wp-json\/wp\/v2\/users\/249730118"}],"replies":[{"embeddable":true,"href":"https:\/\/impactify.io\/es\/wp-json\/wp\/v2\/comments?post=7160"}],"version-history":[{"count":5,"href":"https:\/\/impactify.io\/es\/wp-json\/wp\/v2\/pages\/7160\/revisions"}],"predecessor-version":[{"id":8270,"href":"https:\/\/impactify.io\/es\/wp-json\/wp\/v2\/pages\/7160\/revisions\/8270"}],"wp:attachment":[{"href":"https:\/\/impactify.io\/es\/wp-json\/wp\/v2\/media?parent=7160"}],"curies":[{"name":"wp","href":"https:\/\/api.w.org\/{rel}","templated":true}]}}