{"id":7309,"date":"2024-05-10T17:33:00","date_gmt":"2024-05-10T15:33:00","guid":{"rendered":"https:\/\/impactify.io\/nous-contacter\/"},"modified":"2025-09-18T14:44:34","modified_gmt":"2025-09-18T12:44:34","slug":"nous-contacter","status":"publish","type":"page","link":"https:\/\/impactify.io\/fr\/nous-contacter\/","title":{"rendered":"Nous contacter"},"content":{"rendered":"\t\t<div data-elementor-type=\"wp-page\" data-elementor-id=\"7309\" class=\"elementor elementor-7309 elementor-1390\" data-elementor-post-type=\"page\">\n\t\t\t\t<header class=\"elementor-element elementor-element-7a98cf00 e-flex e-con-boxed e-con e-parent\" data-id=\"7a98cf00\" data-element_type=\"container\" data-settings=\"{&quot;background_background&quot;:&quot;classic&quot;,&quot;shape_divider_bottom&quot;:&quot;tilt&quot;}\">\n\t\t\t\t\t<div class=\"e-con-inner\">\n\t\t\t\t<div class=\"elementor-shape elementor-shape-bottom\" aria-hidden=\"true\" data-negative=\"false\">\n\t\t\t<svg xmlns=\"http:\/\/www.w3.org\/2000\/svg\" viewBox=\"0 0 1000 100\" preserveAspectRatio=\"none\">\n\t<path class=\"elementor-shape-fill\" d=\"M0,6V0h1000v100L0,6z\"\/>\n<\/svg>\t\t<\/div>\n\t\t\t\t\t<\/div>\n\t\t\t\t<\/header>\n\t\t<div class=\"elementor-element elementor-element-0ade331 e-flex e-con-boxed e-con e-parent\" data-id=\"0ade331\" data-element_type=\"container\">\n\t\t\t\t\t<div class=\"e-con-inner\">\n\t\t<div class=\"elementor-element elementor-element-326815f e-con-full e-flex e-con e-child\" data-id=\"326815f\" data-element_type=\"container\">\n\t\t\t\t<div class=\"elementor-element elementor-element-23fb72b elementor-widget elementor-widget-heading\" data-id=\"23fb72b\" data-element_type=\"widget\" data-widget_type=\"heading.default\">\n\t\t\t\t<div class=\"elementor-widget-container\">\n\t\t\t\t\t<h2 class=\"elementor-heading-title elementor-size-default\">Entrez en contact avec notre \u00e9quipe<\/h2>\t\t\t\t<\/div>\n\t\t\t\t<\/div>\n\t\t\t\t<div class=\"elementor-element elementor-element-894baa2 elementor-widget elementor-widget-text-editor\" data-id=\"894baa2\" data-element_type=\"widget\" data-widget_type=\"text-editor.default\">\n\t\t\t\t<div class=\"elementor-widget-container\">\n\t\t\t\t\t\t\t\t\t<p>Nous sommes votre partenaire pour faire de la publicit\u00e9 digitale un vrai levier de succ\u00e8s. <strong>Remplissez le formulaire<\/strong> et nous vous recontacterons rapidement. On a h\u00e2te d\u2019\u00e9changer avec vous et de vous accompagner.<\/p><p><strong>D\u00e9bloquons ensemble de nouvelles opportunit\u00e9s !<\/strong><\/p>\t\t\t\t\t\t\t\t<\/div>\n\t\t\t\t<\/div>\n\t\t\t\t<\/div>\n\t\t<div class=\"elementor-element elementor-element-d88834e e-con-full e-flex e-con e-child\" data-id=\"d88834e\" data-element_type=\"container\">\n\t\t\t\t<div class=\"elementor-element elementor-element-bd4731d elementor-widget elementor-widget-form\" data-id=\"bd4731d\" data-element_type=\"widget\" data-settings=\"{&quot;step_next_label&quot;:&quot;Suivant&quot;,&quot;step_previous_label&quot;:&quot;Pr\\u00e9c\\u00e9dent&quot;,&quot;button_width&quot;:&quot;100&quot;,&quot;step_type&quot;:&quot;number_text&quot;,&quot;step_icon_shape&quot;:&quot;circle&quot;}\" data-widget_type=\"form.default\">\n\t\t\t\t<div class=\"elementor-widget-container\">\n\t\t\t\t\t\t\t<form class=\"elementor-form\" method=\"post\" name=\"Formulaire de contact pour ordinateur de bureau\" aria-label=\"Formulaire de contact pour ordinateur de bureau\" novalidate=\"\">\n\t\t\t<input type=\"hidden\" name=\"post_id\" value=\"7309\"\/>\n\t\t\t<input type=\"hidden\" name=\"form_id\" value=\"bd4731d\"\/>\n\t\t\t<input type=\"hidden\" name=\"referer_title\" value=\"Nous contacter\" \/>\n\n\t\t\t\t\t\t\t<input type=\"hidden\" name=\"queried_id\" value=\"7309\"\/>\n\t\t\t\n\t\t\t<div class=\"elementor-form-fields-wrapper elementor-labels-above\">\n\t\t\t\t\t\t\t\t<div class=\"elementor-field-type-text elementor-field-group elementor-column elementor-field-group-field_3e83e0e elementor-col-50 elementor-field-required elementor-mark-required\">\n\t\t\t\t\t\t\t\t\t\t\t\t<label for=\"form-field-field_3e83e0e\" class=\"elementor-field-label\">\n\t\t\t\t\t\t\t\tPr\u00e9nom\t\t\t\t\t\t\t<\/label>\n\t\t\t\t\t\t\t\t\t\t\t\t\t\t<input size=\"1\" type=\"text\" name=\"form_fields[field_3e83e0e]\" id=\"form-field-field_3e83e0e\" class=\"elementor-field elementor-size-sm  elementor-field-textual\" required=\"required\">\n\t\t\t\t\t\t\t\t\t\t\t<\/div>\n\t\t\t\t\t\t\t\t<div class=\"elementor-field-type-text elementor-field-group elementor-column elementor-field-group-name elementor-col-50 elementor-field-required elementor-mark-required\">\n\t\t\t\t\t\t\t\t\t\t\t\t<label for=\"form-field-name\" class=\"elementor-field-label\">\n\t\t\t\t\t\t\t\tNom de famille\t\t\t\t\t\t\t<\/label>\n\t\t\t\t\t\t\t\t\t\t\t\t\t\t<input size=\"1\" type=\"text\" name=\"form_fields[name]\" id=\"form-field-name\" class=\"elementor-field elementor-size-sm  elementor-field-textual\" required=\"required\">\n\t\t\t\t\t\t\t\t\t\t\t<\/div>\n\t\t\t\t\t\t\t\t<div class=\"elementor-field-type-email elementor-field-group elementor-column elementor-field-group-email elementor-col-50 elementor-field-required elementor-mark-required\">\n\t\t\t\t\t\t\t\t\t\t\t\t<label for=\"form-field-email\" class=\"elementor-field-label\">\n\t\t\t\t\t\t\t\tEmail\t\t\t\t\t\t\t<\/label>\n\t\t\t\t\t\t\t\t\t\t\t\t\t\t<input size=\"1\" type=\"email\" name=\"form_fields[email]\" id=\"form-field-email\" class=\"elementor-field elementor-size-sm  elementor-field-textual\" required=\"required\">\n\t\t\t\t\t\t\t\t\t\t\t<\/div>\n\t\t\t\t\t\t\t\t<div class=\"elementor-field-type-text elementor-field-group elementor-column elementor-field-group-field_3ab8f17 elementor-col-50\">\n\t\t\t\t\t\t\t\t\t\t\t\t<label for=\"form-field-field_3ab8f17\" class=\"elementor-field-label\">\n\t\t\t\t\t\t\t\tIntitul\u00e9 du poste\t\t\t\t\t\t\t<\/label>\n\t\t\t\t\t\t\t\t\t\t\t\t\t\t<input size=\"1\" type=\"text\" name=\"form_fields[field_3ab8f17]\" id=\"form-field-field_3ab8f17\" class=\"elementor-field elementor-size-sm  elementor-field-textual\">\n\t\t\t\t\t\t\t\t\t\t\t<\/div>\n\t\t\t\t\t\t\t\t<div class=\"elementor-field-type-tel elementor-field-group elementor-column elementor-field-group-field_df8113e elementor-col-50\">\n\t\t\t\t\t\t\t\t\t\t\t\t<label for=\"form-field-field_df8113e\" class=\"elementor-field-label\">\n\t\t\t\t\t\t\t\tNum\u00e9ro de t\u00e9l\u00e9phone\t\t\t\t\t\t\t<\/label>\n\t\t\t\t\t\t\t\t<input size=\"1\" type=\"tel\" name=\"form_fields[field_df8113e]\" id=\"form-field-field_df8113e\" class=\"elementor-field elementor-size-sm  elementor-field-textual\" pattern=\"[0-9()#&amp;+*-=.]+\" title=\"Seuls les caract\u00e8res de num\u00e9ros de t\u00e9l\u00e9phone (#, -, *, etc.) sont accept\u00e9s.\">\n\n\t\t\t\t\t\t<\/div>\n\t\t\t\t\t\t\t\t<div class=\"elementor-field-type-text elementor-field-group elementor-column elementor-field-group-field_497edd1 elementor-col-50 elementor-field-required elementor-mark-required\">\n\t\t\t\t\t\t\t\t\t\t\t\t<label for=\"form-field-field_497edd1\" class=\"elementor-field-label\">\n\t\t\t\t\t\t\t\tPays\t\t\t\t\t\t\t<\/label>\n\t\t\t\t\t\t\t\t\t\t\t\t\t\t<input size=\"1\" type=\"text\" name=\"form_fields[field_497edd1]\" id=\"form-field-field_497edd1\" class=\"elementor-field elementor-size-sm  elementor-field-textual\" required=\"required\">\n\t\t\t\t\t\t\t\t\t\t\t<\/div>\n\t\t\t\t\t\t\t\t<div class=\"elementor-field-type-text elementor-field-group elementor-column elementor-field-group-field_99c6d44 elementor-col-50\">\n\t\t\t\t\t\t\t\t\t\t\t\t<label for=\"form-field-field_99c6d44\" class=\"elementor-field-label\">\n\t\t\t\t\t\t\t\tSoci\u00e9t\u00e9\t\t\t\t\t\t\t<\/label>\n\t\t\t\t\t\t\t\t\t\t\t\t\t\t<input size=\"1\" type=\"text\" name=\"form_fields[field_99c6d44]\" id=\"form-field-field_99c6d44\" class=\"elementor-field elementor-size-sm  elementor-field-textual\">\n\t\t\t\t\t\t\t\t\t\t\t<\/div>\n\t\t\t\t\t\t\t\t<div class=\"elementor-field-type-select elementor-field-group elementor-column elementor-field-group-field_845130c elementor-col-50 elementor-field-required elementor-mark-required\">\n\t\t\t\t\t\t\t\t\t\t\t\t<label for=\"form-field-field_845130c\" class=\"elementor-field-label\">\n\t\t\t\t\t\t\t\tType d'entreprise\t\t\t\t\t\t\t<\/label>\n\t\t\t\t\t\t\t\t<div class=\"elementor-field elementor-select-wrapper remove-before \">\n\t\t\t<div class=\"select-caret-down-wrapper\">\n\t\t\t\t<svg aria-hidden=\"true\" class=\"e-font-icon-svg e-eicon-caret-down\" viewBox=\"0 0 571.4 571.4\" xmlns=\"http:\/\/www.w3.org\/2000\/svg\"><path d=\"M571 393Q571 407 561 418L311 668Q300 679 286 679T261 668L11 418Q0 407 0 393T11 368 36 357H536Q550 357 561 368T571 393Z\"><\/path><\/svg>\t\t\t<\/div>\n\t\t\t<select name=\"form_fields[field_845130c]\" id=\"form-field-field_845130c\" class=\"elementor-field-textual elementor-size-sm\" required=\"required\">\n\t\t\t\t\t\t\t\t\t<option value=\"-\">-<\/option>\n\t\t\t\t\t\t\t\t\t<option value=\"Annonceur\">Annonceur<\/option>\n\t\t\t\t\t\t\t\t\t<option value=\"Agence\">Agence<\/option>\n\t\t\t\t\t\t\t\t\t<option value=\"\u00c9diteur\">\u00c9diteur<\/option>\n\t\t\t\t\t\t\t\t\t<option value=\"Fournisseur de technologie\">Fournisseur de technologie<\/option>\n\t\t\t\t\t\t\t\t\t<option value=\"Investisseur\">Investisseur<\/option>\n\t\t\t\t\t\t\t\t\t<option value=\"Presse\">Presse<\/option>\n\t\t\t\t\t\t\t\t\t<option value=\"Candidat\">Candidat<\/option>\n\t\t\t\t\t\t\t\t\t<option value=\"Autre\">Autre<\/option>\n\t\t\t\t\t\t\t<\/select>\n\t\t<\/div>\n\t\t\t\t\t\t<\/div>\n\t\t\t\t\t\t\t\t<div class=\"elementor-field-type-textarea elementor-field-group elementor-column elementor-field-group-message elementor-col-100 elementor-field-required elementor-mark-required\">\n\t\t\t\t\t\t\t\t\t\t\t\t<label for=\"form-field-message\" class=\"elementor-field-label\">\n\t\t\t\t\t\t\t\tMessage\t\t\t\t\t\t\t<\/label>\n\t\t\t\t\t\t<textarea class=\"elementor-field-textual elementor-field  elementor-size-sm\" name=\"form_fields[message]\" id=\"form-field-message\" rows=\"8\" required=\"required\"><\/textarea>\t\t\t\t<\/div>\n\t\t\t\t\t\t\t\t<div class=\"elementor-field-type-select elementor-field-group elementor-column elementor-field-group-field_8ca4593 elementor-col-100\">\n\t\t\t\t\t\t\t\t\t\t\t\t<label for=\"form-field-field_8ca4593\" class=\"elementor-field-label\">\n\t\t\t\t\t\t\t\tComment avez-vous entendu parler de nous ?\t\t\t\t\t\t\t<\/label>\n\t\t\t\t\t\t\t\t<div class=\"elementor-field elementor-select-wrapper remove-before \">\n\t\t\t<div class=\"select-caret-down-wrapper\">\n\t\t\t\t<svg aria-hidden=\"true\" class=\"e-font-icon-svg e-eicon-caret-down\" viewBox=\"0 0 571.4 571.4\" xmlns=\"http:\/\/www.w3.org\/2000\/svg\"><path d=\"M571 393Q571 407 561 418L311 668Q300 679 286 679T261 668L11 418Q0 407 0 393T11 368 36 357H536Q550 357 561 368T571 393Z\"><\/path><\/svg>\t\t\t<\/div>\n\t\t\t<select name=\"form_fields[field_8ca4593]\" id=\"form-field-field_8ca4593\" class=\"elementor-field-textual elementor-size-sm\">\n\t\t\t\t\t\t\t\t\t<option value=\"-\">-<\/option>\n\t\t\t\t\t\t\t\t\t<option value=\"Recommandation d&#039;un de nos clients ou partenaires\">Recommandation d&#039;un de nos clients ou partenaires<\/option>\n\t\t\t\t\t\t\t\t\t<option value=\"Recommandation d&#039;un coll\u00e8gue\">Recommandation d&#039;un coll\u00e8gue<\/option>\n\t\t\t\t\t\t\t\t\t<option value=\"Moteur de recherche (Google, Bing...)\">Moteur de recherche (Google, Bing...)<\/option>\n\t\t\t\t\t\t\t\t\t<option value=\"LinkedIn\">LinkedIn<\/option>\n\t\t\t\t\t\t\t\t\t<option value=\"Publicit\u00e9s\">Publicit\u00e9s<\/option>\n\t\t\t\t\t\t\t\t\t<option value=\"Presse\">Presse<\/option>\n\t\t\t\t\t\t\t\t\t<option value=\"\u00c9v\u00e9nement\">\u00c9v\u00e9nement<\/option>\n\t\t\t\t\t\t\t\t\t<option value=\"Autre\">Autre<\/option>\n\t\t\t\t\t\t\t<\/select>\n\t\t<\/div>\n\t\t\t\t\t\t<\/div>\n\t\t\t\t\t\t\t\t<div class=\"elementor-field-type-recaptcha_v3 elementor-field-group elementor-column elementor-field-group-field_a42a3f7 elementor-col-100 recaptcha_v3-bottomright\">\n\t\t\t\t\t<div class=\"elementor-field\" id=\"form-field-field_a42a3f7\"><div class=\"elementor-g-recaptcha\" data-sitekey=\"6LfSkfQpAAAAAJjTh5ivHu3b9sjrFn4itutOSLqX\" data-type=\"v3\" data-action=\"Form\" data-badge=\"bottomright\" data-size=\"invisible\"><\/div><\/div>\t\t\t\t<\/div>\n\t\t\t\t\t\t\t\t<div class=\"elementor-field-group elementor-column elementor-field-type-submit elementor-col-100 e-form__buttons\">\n\t\t\t\t\t<button class=\"elementor-button elementor-size-sm\" type=\"submit\">\n\t\t\t\t\t\t<span class=\"elementor-button-content-wrapper\">\n\t\t\t\t\t\t\t\t\t\t\t\t\t\t\t\t\t\t\t\t\t\t<span class=\"elementor-button-text\">Envoyer<\/span>\n\t\t\t\t\t\t\t\t\t\t\t\t\t<\/span>\n\t\t\t\t\t<\/button>\n\t\t\t\t<\/div>\n\t\t\t<\/div>\n\t\t<\/form>\n\t\t\t\t\t\t<\/div>\n\t\t\t\t<\/div>\n\t\t\t\t<\/div>\n\t\t\t\t\t<\/div>\n\t\t\t\t<\/div>\n\t\t<div class=\"elementor-element elementor-element-3bd20756 e-flex e-con-boxed e-con e-parent\" data-id=\"3bd20756\" data-element_type=\"container\" data-settings=\"{&quot;background_background&quot;:&quot;classic&quot;}\">\n\t\t\t\t\t<div class=\"e-con-inner\">\n\t\t<div class=\"elementor-element elementor-element-581d9852 e-flex e-con-boxed e-con e-child\" data-id=\"581d9852\" data-element_type=\"container\">\n\t\t\t\t\t<div class=\"e-con-inner\">\n\t\t\t\t<div class=\"elementor-element elementor-element-745b48be elementor-widget elementor-widget-heading\" data-id=\"745b48be\" data-element_type=\"widget\" data-widget_type=\"heading.default\">\n\t\t\t\t<div class=\"elementor-widget-container\">\n\t\t\t\t\t<h2 class=\"elementor-heading-title elementor-size-default\"><h2 class=\"elementor-heading-title elementor-size-default elementor-inline-editing\" data-elementor-setting-key=\"title\"> Le <span class=\"gradient-text\">partenaire de confiance<\/span> de marques reconnues<\/h2><\/h2>\t\t\t\t<\/div>\n\t\t\t\t<\/div>\n\t\t\t\t<div class=\"elementor-element elementor-element-b90af1b elementor-widget elementor-widget-gallery\" data-id=\"b90af1b\" data-element_type=\"widget\" data-settings=\"{&quot;columns&quot;:5,&quot;gap&quot;:{&quot;unit&quot;:&quot;px&quot;,&quot;size&quot;:50,&quot;sizes&quot;:[]},&quot;aspect_ratio&quot;:&quot;21:9&quot;,&quot;columns_tablet&quot;:5,&quot;columns_mobile&quot;:2,&quot;gap_tablet&quot;:{&quot;unit&quot;:&quot;px&quot;,&quot;size&quot;:25,&quot;sizes&quot;:[]},&quot;image_hover_animation&quot;:&quot;grow&quot;,&quot;lazyload&quot;:&quot;yes&quot;,&quot;gallery_layout&quot;:&quot;grid&quot;,&quot;gap_mobile&quot;:{&quot;unit&quot;:&quot;px&quot;,&quot;size&quot;:10,&quot;sizes&quot;:[]},&quot;content_hover_animation&quot;:&quot;fade-in&quot;}\" data-widget_type=\"gallery.default\">\n\t\t\t\t<div class=\"elementor-widget-container\">\n\t\t\t\t\t\t\t<div class=\"elementor-gallery__container\">\n\t\t\t\t\t\t\t<div class=\"e-gallery-item elementor-gallery-item elementor-animated-content\">\n\t\t\t\t\t<div class=\"e-gallery-image elementor-gallery-item__image\" data-thumbnail=\"https:\/\/impactify.io\/wp-content\/uploads\/2024\/04\/Untitled-1_huffpost.svg\" data-width=\"400\" data-height=\"400\" aria-label=\"\" role=\"img\" ><\/div>\n\t\t\t\t\t\t\t\t\t\t\t\t\t\t<\/div>\n\t\t\t\t\t\t\t<div class=\"e-gallery-item elementor-gallery-item elementor-animated-content\">\n\t\t\t\t\t<div class=\"e-gallery-image elementor-gallery-item__image\" data-thumbnail=\"https:\/\/impactify.io\/wp-content\/uploads\/2024\/06\/20Minutes-1.svg\" data-width=\"500\" data-height=\"500\" aria-label=\"\" role=\"img\" ><\/div>\n\t\t\t\t\t\t\t\t\t\t\t\t\t\t<\/div>\n\t\t\t\t\t\t\t<div class=\"e-gallery-item elementor-gallery-item elementor-animated-content\">\n\t\t\t\t\t<div class=\"e-gallery-image elementor-gallery-item__image\" data-thumbnail=\"https:\/\/impactify.io\/wp-content\/uploads\/2024\/04\/small-apple.svg\" data-width=\"400\" data-height=\"400\" aria-label=\"\" role=\"img\" ><\/div>\n\t\t\t\t\t\t\t\t\t\t\t\t\t\t<\/div>\n\t\t\t\t\t\t\t<div class=\"e-gallery-item elementor-gallery-item elementor-animated-content\">\n\t\t\t\t\t<div class=\"e-gallery-image elementor-gallery-item__image\" data-thumbnail=\"https:\/\/impactify.io\/wp-content\/uploads\/2024\/04\/Untitled-1_newsweek.svg\" data-width=\"400\" data-height=\"400\" aria-label=\"\" role=\"img\" ><\/div>\n\t\t\t\t\t\t\t\t\t\t\t\t\t\t<\/div>\n\t\t\t\t\t\t\t<div class=\"e-gallery-item elementor-gallery-item elementor-animated-content\">\n\t\t\t\t\t<div class=\"e-gallery-image elementor-gallery-item__image\" data-thumbnail=\"https:\/\/impactify.io\/wp-content\/uploads\/2024\/04\/Untitled-1_forbes.svg\" data-width=\"400\" data-height=\"400\" aria-label=\"\" role=\"img\" ><\/div>\n\t\t\t\t\t\t\t\t\t\t\t\t\t\t<\/div>\n\t\t\t\t\t\t\t<div class=\"e-gallery-item elementor-gallery-item elementor-animated-content\">\n\t\t\t\t\t<div class=\"e-gallery-image elementor-gallery-item__image\" data-thumbnail=\"https:\/\/impactify.io\/wp-content\/uploads\/2024\/06\/Eatde-1.svg\" data-width=\"500\" data-height=\"500\" aria-label=\"\" role=\"img\" ><\/div>\n\t\t\t\t\t\t\t\t\t\t\t\t\t\t<\/div>\n\t\t\t\t\t\t\t<div class=\"e-gallery-item elementor-gallery-item elementor-animated-content\">\n\t\t\t\t\t<div class=\"e-gallery-image elementor-gallery-item__image\" data-thumbnail=\"https:\/\/impactify.io\/wp-content\/uploads\/2024\/04\/Untitled-1_mashable.svg\" data-width=\"400\" data-height=\"400\" aria-label=\"\" role=\"img\" ><\/div>\n\t\t\t\t\t\t\t\t\t\t\t\t\t\t<\/div>\n\t\t\t\t\t\t\t<div class=\"e-gallery-item elementor-gallery-item elementor-animated-content\">\n\t\t\t\t\t<div class=\"e-gallery-image elementor-gallery-item__image\" data-thumbnail=\"https:\/\/impactify.io\/wp-content\/uploads\/2025\/01\/Google-2.svg\" data-width=\"1200\" data-height=\"800\" aria-label=\"\" role=\"img\" ><\/div>\n\t\t\t\t\t\t\t\t\t\t\t\t\t\t<\/div>\n\t\t\t\t\t\t\t<div class=\"e-gallery-item elementor-gallery-item elementor-animated-content\">\n\t\t\t\t\t<div class=\"e-gallery-image elementor-gallery-item__image\" data-thumbnail=\"https:\/\/impactify.io\/wp-content\/uploads\/2024\/04\/Untitled-1_line-today.svg\" data-width=\"400\" data-height=\"400\" aria-label=\"\" role=\"img\" ><\/div>\n\t\t\t\t\t\t\t\t\t\t\t\t\t\t<\/div>\n\t\t\t\t\t\t\t<div class=\"e-gallery-item elementor-gallery-item elementor-animated-content\">\n\t\t\t\t\t<div class=\"e-gallery-image elementor-gallery-item__image\" data-thumbnail=\"https:\/\/impactify.io\/wp-content\/uploads\/2025\/01\/Magnite.svg\" data-width=\"600\" data-height=\"450\" aria-label=\"\" role=\"img\" ><\/div>\n\t\t\t\t\t\t\t\t\t\t\t\t\t\t<\/div>\n\t\t\t\t\t<\/div>\n\t\t\t\t\t<\/div>\n\t\t\t\t<\/div>\n\t\t\t\t\t<\/div>\n\t\t\t\t<\/div>\n\t\t\t\t\t<\/div>\n\t\t\t\t<\/div>\n\t\t\t\t<\/div>\n\t\t","protected":false},"excerpt":{"rendered":"<p>Entrez en contact avec notre \u00e9quipe Nous sommes votre partenaire pour faire de la publicit\u00e9 digitale un vrai levier de succ\u00e8s. Remplissez le formulaire et nous vous recontacterons rapidement. On a h\u00e2te d\u2019\u00e9changer avec vous et de vous accompagner. D\u00e9bloquons ensemble de nouvelles opportunit\u00e9s ! Le partenaire de confiance de marques reconnues<\/p>\n","protected":false},"author":249730118,"featured_media":0,"parent":0,"menu_order":0,"comment_status":"closed","ping_status":"closed","template":"elementor_header_footer","meta":{"_crdt_document":"","inline_featured_image":false,"advanced_seo_description":"","jetpack_seo_html_title":"","jetpack_seo_noindex":false,"jetpack_post_was_ever_published":false,"footnotes":""},"class_list":["post-7309","page","type-page","status-publish","hentry"],"jetpack_likes_enabled":true,"jetpack_sharing_enabled":true,"jetpack_shortlink":"https:\/\/wp.me\/PfIqIm-1TT","jetpack-related-posts":[{"id":7313,"url":"https:\/\/impactify.io\/fr\/faq\/","url_meta":{"origin":7309,"position":0},"title":"FAQ &#8211; Questions fr\u00e9quentes","author":"Aurelie","date":"avril 26, 2024","format":false,"excerpt":"Qu'est ce qu'Impactify ? Nous sommes une plateforme de mon\u00e9tisation premium con\u00e7ue pour aider les \u00e9diteurs \u00e0 augmenter leurs revenus globaux, et permettre aux marques d\u2019avoir un impact plus fort sur leurs audiences cibles. Pourquoi choisir Impactify ? Nos formats publicitaires uniques offrent une nouvelle approche pour mon\u00e9tiser votre audience.\u2026","rel":"","context":"Article similaire","block_context":{"text":"Article similaire","link":""},"img":{"alt_text":"","src":"","width":0,"height":0},"classes":[]},{"id":7289,"url":"https:\/\/impactify.io\/fr\/pour-les-editeurs-campagnes-premium-monetisation-globale\/","url_meta":{"origin":7309,"position":1},"title":"Pour les \u00e9diteurs","author":"Aurelie","date":"mai 5, 2024","format":false,"excerpt":"Maximisez vos revenus publicitaires Boostez vos revenus et l'engagement avec des formats pub puissants et pens\u00e9s pour l'exp\u00e9rience utilisateur. Commencer Pl\u00e9biscit\u00e9 par les \u00e9diteurs, le choix des annonceurs La solution leader du march\u00e9 pour les publicit\u00e9s sticky footer Pourquoi les \u00e9diteurs aiment le format Impact Screen: Pl\u00e9biscit\u00e9 par les annonceurs\u2026","rel":"","context":"Article similaire","block_context":{"text":"Article similaire","link":""},"img":{"alt_text":"","src":"","width":0,"height":0},"classes":[]},{"id":7268,"url":"https:\/\/impactify.io\/fr\/a-propos-dimpactify\/","url_meta":{"origin":7309,"position":2},"title":"A propos d&rsquo;Impactify","author":"Aurelie","date":"avril 23, 2024","format":false,"excerpt":"Bienvenue sur Impactify L'innovation au c\u0153ur de l'impact publicitaire Qui nous sommes On est une \u00e9quipe passionn\u00e9e, d\u00e9termin\u00e9e \u00e0 repenser l'exp\u00e9rience de la pub digitale, que ce soit pour les \u00e9diteurs ou les annonceurs. Pour nous, une pub efficace ne devrait jamais g\u00e2cher l\u2019exp\u00e9rience utilisateur, au contraire, elle devrait l'enrichir.\u2026","rel":"","context":"Article similaire","block_context":{"text":"Article similaire","link":""},"img":{"alt_text":"","src":"","width":0,"height":0},"classes":[]},{"id":7225,"url":"https:\/\/impactify.io\/fr\/","url_meta":{"origin":7309,"position":3},"title":"Page d&rsquo;accueil","author":"Aurelie","date":"juin 6, 2024","format":false,"excerpt":"Quand la pub devient une exp\u00e9rience Notre plateforme globale de mon\u00e9tisation propose des formats uniques, pens\u00e9s pour l'utilisateur et l'annonceur. Reprenez le contr\u00f4le avec nos solutions ! Je suis \u00e9diteur Je suis annonceur Transparent Display 3D Des publicit\u00e9s attrayantes qui conviennent \u00e0 tous Nous repensons les formats publicitaires pour maximiser\u2026","rel":"","context":"Article similaire","block_context":{"text":"Article similaire","link":""},"img":{"alt_text":"","src":"","width":0,"height":0},"classes":[]},{"id":7331,"url":"https:\/\/impactify.io\/fr\/annonceurs\/","url_meta":{"origin":7309,"position":4},"title":"Annonceurs","author":"Aurelie","date":"mai 5, 2024","format":false,"excerpt":"Cr\u00e9ez l'inattendu. Cr\u00e9ez avec impact. Rentrons en contact D\u00e9marquez-vous du bruit ambiant, soyez impactant D\u00e9marrez maintenant Showcase of Success D\u00e9couvrez comment les marques ont marqu\u00e9 les esprits https:\/\/cdn.impactify.media\/medias\/creatives\/transparent-demos\/666228007a64f.mp4 Toyota Toyota a lanc\u00e9 une campagne pour promouvoir son jeu COE \u00e0 l'occasion des f\u00eates de fin d'ann\u00e9e, captivant les audiences sur\u2026","rel":"","context":"Article similaire","block_context":{"text":"Article similaire","link":""},"img":{"alt_text":"","src":"","width":0,"height":0},"classes":[]},{"id":7158,"url":"https:\/\/impactify.io\/es\/para-editores-anuncios-premium-mejor-monetizacion\/","url_meta":{"origin":7309,"position":5},"title":"Para editores","author":"Aurelie","date":"mai 5, 2024","format":false,"excerpt":"Maximiza tus ingresos publicitarios con Impactify Monetiza tu contenido con formatos publicitarios de gran impacto y f\u00e1ciles de usar que aumentan la participaci\u00f3n y las ganancias Empieza a monetizar Con la confianza de los editores y el cari\u00f1o de los anunciantes La soluci\u00f3n l\u00edder en anuncios adhesivos a pie de\u2026","rel":"","context":"Article similaire","block_context":{"text":"Article similaire","link":""},"img":{"alt_text":"","src":"","width":0,"height":0},"classes":[]}],"_links":{"self":[{"href":"https:\/\/impactify.io\/fr\/wp-json\/wp\/v2\/pages\/7309","targetHints":{"allow":["GET"]}}],"collection":[{"href":"https:\/\/impactify.io\/fr\/wp-json\/wp\/v2\/pages"}],"about":[{"href":"https:\/\/impactify.io\/fr\/wp-json\/wp\/v2\/types\/page"}],"author":[{"embeddable":true,"href":"https:\/\/impactify.io\/fr\/wp-json\/wp\/v2\/users\/249730118"}],"replies":[{"embeddable":true,"href":"https:\/\/impactify.io\/fr\/wp-json\/wp\/v2\/comments?post=7309"}],"version-history":[{"count":4,"href":"https:\/\/impactify.io\/fr\/wp-json\/wp\/v2\/pages\/7309\/revisions"}],"predecessor-version":[{"id":8624,"href":"https:\/\/impactify.io\/fr\/wp-json\/wp\/v2\/pages\/7309\/revisions\/8624"}],"wp:attachment":[{"href":"https:\/\/impactify.io\/fr\/wp-json\/wp\/v2\/media?parent=7309"}],"curies":[{"name":"wp","href":"https:\/\/api.w.org\/{rel}","templated":true}]}}