{"id":7313,"date":"2024-04-26T11:24:50","date_gmt":"2024-04-26T09:24:50","guid":{"rendered":"https:\/\/impactify.io\/faq\/"},"modified":"2025-03-22T10:36:32","modified_gmt":"2025-03-22T09:36:32","slug":"faq","status":"publish","type":"page","link":"https:\/\/impactify.io\/fr\/faq\/","title":{"rendered":"FAQ &#8211; Questions fr\u00e9quentes"},"content":{"rendered":"\n<h2 class=\"wp-block-heading faq-heading faq-question\">Qu&rsquo;est ce qu&rsquo;Impactify ?<\/h2>\n\n<p class=\"faq-answer wp-block-paragraph\">Nous sommes une plateforme de mon\u00e9tisation premium con\u00e7ue pour aider les \u00e9diteurs \u00e0 augmenter leurs revenus globaux, et permettre aux marques d\u2019avoir un impact plus fort sur leurs audiences cibles.<\/p>\n\n<h2 class=\"wp-block-heading faq-question\">Pourquoi choisir Impactify ?<\/h2>\n\n<p class=\"faq-answer wp-block-paragraph\">Nos formats publicitaires uniques offrent une nouvelle approche pour mon\u00e9tiser votre audience. Ils \u00e9largissent votre inventaire et maximisent vos revenus. Nous respectons l\u2019exp\u00e9rience utilisateur, c\u2019est pourquoi nos formats sont non intrusifs tout en \u00e9tant 100% visibles. Nos CPM font partie des plus \u00e9lev\u00e9s du march\u00e9 !   <\/p>\n\n<h2 class=\"wp-block-heading faq-question\">Et si j&rsquo;ai d\u00e9j\u00e0 des publicit\u00e9s sur mon site ?<\/h2>\n\n<p class=\"faq-answer wp-block-paragraph\">Aucun souci. Nous ne demandons pas d&rsquo;exclusivit\u00e9. De plus, nos formats n&rsquo;entrent pas en conflit avec les autres publicit\u00e9s display. Vous pouvez donc continuer \u00e0 utiliser vos r\u00e9gies publicitaires classiques tout en travaillant avec Impactify.   <\/p>\n\n<h2 class=\"wp-block-heading faq-question\">Quels eCPM et taux de remplissage puis-je esp\u00e9rer ?<\/h2>\n\n<p class=\"faq-answer wp-block-paragraph\">Selon les campagnes et les sites, les taux de remplissage et les eCPM peuvent varier. Le contenu de votre site et surtout la qualit\u00e9 de votre audience sont les facteurs cl\u00e9s qui influencent les revenus. Nous avons des taux de 10% comme des taux de 200% sur certains sites, soit plus de deux annonces \u00e0 la suite sur les formats tr\u00e8s demand\u00e9s comme l&rsquo;Impact Screen. <\/p>\n\n<h2 class=\"wp-block-heading faq-question\">Quel type de publicit\u00e9s appara\u00eetra sur mon site ?<\/h2>\n\n<p class=\"faq-answer wp-block-paragraph\">Nous travaillons avec des annonceurs premium. Nous veillons \u00e9galement \u00e0 ce que tous nos partenaires technologiques disposent de politiques de qualit\u00e9 publicitaire en place, interdisant les cr\u00e9ations offensantes, ill\u00e9gales ou trompeuses. <\/p>\n\n<h2 class=\"wp-block-heading faq-question\">Les publicit\u00e9s vid\u00e9o sont-elles compatibles avec tous les navigateurs et appareils ?<\/h2>\n\n<p class=\"faq-answer wp-block-paragraph\">Oui, elles sont adapt\u00e9es \u00e0 tous les navigateurs et appareils (ordinateurs, tablettes et smartphones).<\/p>\n\n<h2 class=\"wp-block-heading faq-question\">Comment savoir si mon site sera accept\u00e9 ?<\/h2>\n\n<p class=\"faq-answer wp-block-paragraph\">Impactify se r\u00e9serve le droit de refuser les sites avec un trafic trop faible (moins de 100 000 vues\/mois). La qualit\u00e9 de votre audience ainsi que la qualit\u00e9 \u00e9ditoriale de vos pages sont les crit\u00e8res les plus importants. Autres conditions : maintenir une densit\u00e9 publicitaire raisonnable.<br\/>Nous n&rsquo;acceptons pas les sites promouvant le t\u00e9l\u00e9chargement ill\u00e9gal, le streaming, le hacking, le contenu adulte ou offensant. Plus d&rsquo;infos dans nos <a href=\"https:\/\/impactify.io\/terms\/\" target=\"_blank\" rel=\"noreferrer noopener\">Conditions G\u00e9n\u00e9rales d&rsquo;Utilisation<\/a>.   <\/p>\n\n<h2 class=\"wp-block-heading faq-question\">Pourquoi mes pubs ne s&rsquo;affichent pas ?<\/h2>\n\n<p class=\"faq-answer wp-block-paragraph\">Il est possible que vos tags ne soient pas encore connect\u00e9s \u00e0 notre r\u00e9seau d&rsquo;annonceurs. Lorsqu&rsquo;un nouveau tag est cr\u00e9\u00e9, nous le relions \u00e0 nos partenaires, ce qui peut prendre jusqu&rsquo;\u00e0 72h. Merci de patienter pendant la mise en place.  <\/p>\n\n<h2 class=\"wp-block-heading faq-question\">Pourquoi mon taux de remplissage est-il bas ?<\/h2>\n\n<p class=\"faq-answer wp-block-paragraph\">V\u00e9rifiez que votre fichier ads.txt contienne nos lignes pour vous assurer que tout est correct. Le taux de remplissage d\u00e9pend de plusieurs facteurs : votre audience, la visibilit\u00e9 du format, le moment de la journ\u00e9e, et votre VTR et CTR.<br\/>Assurez-vous que notre tag ne soit pas en passback et qu&rsquo;il soit appel\u00e9 d\u00e8s le chargement de la page, cela favorise un meilleur VTR et de meilleurs revenus.    <\/p>\n\n<h2 class=\"wp-block-heading faq-question\">Pourquoi je n&rsquo;ai pas encore \u00e9t\u00e9 pay\u00e9 ?<\/h2>\n\n<p class=\"faq-answer wp-block-paragraph\">Toutes les infos sur les paiements sont disponibles sur la plateforme. Pour recevoir un paiement, votre solde doit atteindre 100$ \u00e0 la fin de la p\u00e9riode.<br\/>V\u00e9rifiez que vos informations bancaires sont correctes. Les paiements sont effectu\u00e9s par virement bancaire 60 jours apr\u00e8s validation des revenus mensuels. Une fois le paiement effectu\u00e9, la facture est disponible sur la plateforme.    <\/p>\n\n<h2 class=\"wp-block-heading faq-question\">J&rsquo;ai un souci technique, qui contacter ? <\/h2>\n\n<p class=\"faq-answer wp-block-paragraph\">Vous pouvez nous contacter via la plateforme ou par e-mail \u2014 notre \u00e9quipe vous r\u00e9pondra dans les plus brefs d\u00e9lais.<\/p>\n\n<h2 class=\"wp-block-heading faq-question\"><em>Glossaire<\/em><\/h2>\n\n<p class=\"faq-answer wp-block-paragraph\">Request (Requ\u00eate) \u2013 Lorsque le format envoie une demande valide d\u2019affichage d\u2019une publicit\u00e9.<br\/>Impressions \u2013 Nombre de publicit\u00e9s effectivement affich\u00e9es.<br\/>Revenue (Revenus) \u2013 Montant total que vous avez g\u00e9n\u00e9r\u00e9.<br\/>CPM (Co\u00fbt Pour Mille) \u2013 Valeur g\u00e9n\u00e9r\u00e9e pour mille impressions.<br\/>eCPM (CPM Effectif) \u2013 (Revenus totaux \/ Nombre total d\u2019impressions) \u00d7 1000.<br\/>Fill Rate (Taux de Remplissage) \u2013 Impressions divis\u00e9es par le nombre de requ\u00eates.<br\/>Clicks (Clics) \u2013 Nombre total d\u2019utilisateurs ayant cliqu\u00e9 sur une publicit\u00e9.<br\/>CTR (Taux de Clics) \u2013 Nombre de clics divis\u00e9 par le nombre d\u2019impressions (en %). Un taux de 0.3% est consid\u00e9r\u00e9 comme tr\u00e8s bon sur le march\u00e9.<br\/>VTR (Taux de Visualisation \/ Taux de Compl\u00e9tion) \u2013 Pourcentage d\u2019impressions vid\u00e9os o\u00f9 la publicit\u00e9 a \u00e9t\u00e9 vue jusqu\u2019\u00e0 la fin.<br\/>Ad Tag \u2013 Code javascript ins\u00e9r\u00e9 sur votre site qui envoie une requ\u00eate \u00e0 un serveur publicitaire pour afficher une publicit\u00e9.  <\/p>\n\n<div style=\"height:139px\" aria-hidden=\"true\" class=\"wp-block-spacer\"><\/div>\n","protected":false},"excerpt":{"rendered":"<p>Qu&rsquo;est ce qu&rsquo;Impactify ? Nous sommes une plateforme de mon\u00e9tisation premium con\u00e7ue pour aider les \u00e9diteurs \u00e0 augmenter leurs revenus globaux, et permettre aux marques d\u2019avoir un impact plus fort sur leurs audiences cibles. Pourquoi choisir Impactify ? Nos formats publicitaires uniques offrent une nouvelle approche pour mon\u00e9tiser votre audience. Ils \u00e9largissent votre inventaire et [&hellip;]<\/p>\n","protected":false},"author":249730118,"featured_media":0,"parent":0,"menu_order":0,"comment_status":"closed","ping_status":"closed","template":"elementor_theme","meta":{"_crdt_document":"","inline_featured_image":false,"advanced_seo_description":"","jetpack_seo_html_title":"","jetpack_seo_noindex":false,"footnotes":""},"class_list":["post-7313","page","type-page","status-publish","hentry"],"jetpack_likes_enabled":true,"jetpack_sharing_enabled":true,"jetpack_shortlink":"https:\/\/wp.me\/PfIqIm-1TX","jetpack-related-posts":[{"id":7289,"url":"https:\/\/impactify.io\/fr\/pour-les-editeurs-campagnes-premium-monetisation-globale\/","url_meta":{"origin":7313,"position":0},"title":"Pour les \u00e9diteurs","author":"Aurelie","date":"5 mai 2024","format":false,"excerpt":"Maximisez vos revenus publicitaires Boostez vos revenus et l'engagement avec des formats pub puissants et pens\u00e9s pour l'exp\u00e9rience utilisateur. Commencer Pl\u00e9biscit\u00e9 par les \u00e9diteurs, le choix des annonceurs La solution leader du march\u00e9 pour les publicit\u00e9s sticky footer Pourquoi les \u00e9diteurs aiment le format Impact Screen: Pl\u00e9biscit\u00e9 par les annonceurs\u2026","rel":"","context":"Article similaire","block_context":{"text":"Article similaire","link":""},"img":{"alt_text":"","src":"","width":0,"height":0},"classes":[]},{"id":7268,"url":"https:\/\/impactify.io\/fr\/a-propos-dimpactify\/","url_meta":{"origin":7313,"position":1},"title":"A propos d&rsquo;Impactify","author":"Aurelie","date":"23 avril 2024","format":false,"excerpt":"Bienvenue sur Impactify L'innovation au c\u0153ur de l'impact publicitaire Qui nous sommes On est une \u00e9quipe passionn\u00e9e, d\u00e9termin\u00e9e \u00e0 repenser l'exp\u00e9rience de la pub digitale, que ce soit pour les \u00e9diteurs ou les annonceurs. Pour nous, une pub efficace ne devrait jamais g\u00e2cher l\u2019exp\u00e9rience utilisateur, au contraire, elle devrait l'enrichir.\u2026","rel":"","context":"Article similaire","block_context":{"text":"Article similaire","link":""},"img":{"alt_text":"","src":"","width":0,"height":0},"classes":[]},{"id":7225,"url":"https:\/\/impactify.io\/fr\/","url_meta":{"origin":7313,"position":2},"title":"Page d&rsquo;accueil","author":"Aurelie","date":"6 juin 2024","format":false,"excerpt":"Quand la pub devient une exp\u00e9rience Notre plateforme globale de mon\u00e9tisation propose des formats uniques, pens\u00e9s pour l'utilisateur et l'annonceur. Reprenez le contr\u00f4le avec nos solutions ! Je suis \u00e9diteur Je suis annonceur Transparent Display 3D Des publicit\u00e9s attrayantes qui conviennent \u00e0 tous Nous repensons les formats publicitaires pour maximiser\u2026","rel":"","context":"Article similaire","block_context":{"text":"Article similaire","link":""},"img":{"alt_text":"","src":"","width":0,"height":0},"classes":[]},{"id":7331,"url":"https:\/\/impactify.io\/fr\/annonceurs\/","url_meta":{"origin":7313,"position":3},"title":"Annonceurs","author":"Aurelie","date":"5 mai 2024","format":false,"excerpt":"Cr\u00e9ez l'inattendu. Cr\u00e9ez avec impact. Rentrons en contact D\u00e9marquez-vous du bruit ambiant, soyez impactant D\u00e9marrez maintenant Showcase of Success D\u00e9couvrez comment les marques ont marqu\u00e9 les esprits https:\/\/cdn.impactify.media\/medias\/creatives\/transparent-demos\/666228007a64f.mp4 Toyota Toyota a lanc\u00e9 une campagne pour promouvoir son jeu COE \u00e0 l'occasion des f\u00eates de fin d'ann\u00e9e, captivant les audiences sur\u2026","rel":"","context":"Article similaire","block_context":{"text":"Article similaire","link":""},"img":{"alt_text":"","src":"","width":0,"height":0},"classes":[]},{"id":7309,"url":"https:\/\/impactify.io\/fr\/nous-contacter\/","url_meta":{"origin":7313,"position":4},"title":"Nous contacter","author":"Aurelie","date":"10 mai 2024","format":false,"excerpt":"Entrez en contact avec notre \u00e9quipe Nous sommes votre partenaire pour faire de la publicit\u00e9 digitale un vrai levier de succ\u00e8s. Remplissez le formulaire et nous vous recontacterons rapidement. On a h\u00e2te d\u2019\u00e9changer avec vous et de vous accompagner.D\u00e9bloquons ensemble de nouvelles opportunit\u00e9s ! Le partenaire de confiance de marques\u2026","rel":"","context":"Article similaire","block_context":{"text":"Article similaire","link":""},"img":{"alt_text":"","src":"","width":0,"height":0},"classes":[]},{"id":7146,"url":"https:\/\/impactify.io\/es\/acerca-de-impactify\/","url_meta":{"origin":7313,"position":5},"title":"Acerca de Impactify","author":"Aurelie","date":"23 avril 2024","format":false,"excerpt":"\u00a1Bienvenido a Impactify! Donde la innovaci\u00f3n y el impacto van de la mano Qui\u00e9nes somos Nuestro equipo se dedica a transformar la manera en que editores y anunciantes experimentan la publicidad digital. Creemos firmemente que la publicidad eficaz debe enriquecer, no interrumpir, la experiencia del usuario, y nos comprometemos a\u2026","rel":"","context":"Article similaire","block_context":{"text":"Article similaire","link":""},"img":{"alt_text":"","src":"","width":0,"height":0},"classes":[]}],"_links":{"self":[{"href":"https:\/\/impactify.io\/fr\/wp-json\/wp\/v2\/pages\/7313","targetHints":{"allow":["GET"]}}],"collection":[{"href":"https:\/\/impactify.io\/fr\/wp-json\/wp\/v2\/pages"}],"about":[{"href":"https:\/\/impactify.io\/fr\/wp-json\/wp\/v2\/types\/page"}],"author":[{"embeddable":true,"href":"https:\/\/impactify.io\/fr\/wp-json\/wp\/v2\/users\/249730118"}],"replies":[{"embeddable":true,"href":"https:\/\/impactify.io\/fr\/wp-json\/wp\/v2\/comments?post=7313"}],"version-history":[{"count":12,"href":"https:\/\/impactify.io\/fr\/wp-json\/wp\/v2\/pages\/7313\/revisions"}],"predecessor-version":[{"id":7326,"href":"https:\/\/impactify.io\/fr\/wp-json\/wp\/v2\/pages\/7313\/revisions\/7326"}],"wp:attachment":[{"href":"https:\/\/impactify.io\/fr\/wp-json\/wp\/v2\/media?parent=7313"}],"curies":[{"name":"wp","href":"https:\/\/api.w.org\/{rel}","templated":true}]}}