{"id":8323,"date":"2024-05-10T17:33:00","date_gmt":"2024-05-10T15:33:00","guid":{"rendered":"https:\/\/impactify.io\/contacte-nos\/"},"modified":"2025-09-18T14:44:34","modified_gmt":"2025-09-18T12:44:34","slug":"contacte-nos","status":"publish","type":"page","link":"https:\/\/impactify.io\/pt-pt\/contacte-nos\/","title":{"rendered":"Contacte-nos"},"content":{"rendered":"\t\t<div data-elementor-type=\"wp-page\" data-elementor-id=\"8323\" class=\"elementor elementor-8323 elementor-1390\" data-elementor-post-type=\"page\">\n\t\t\t\t<header class=\"elementor-element elementor-element-7a98cf00 e-flex e-con-boxed e-con e-parent\" data-id=\"7a98cf00\" data-element_type=\"container\" data-settings=\"{&quot;background_background&quot;:&quot;classic&quot;,&quot;shape_divider_bottom&quot;:&quot;tilt&quot;}\">\n\t\t\t\t\t<div class=\"e-con-inner\">\n\t\t\t\t<div class=\"elementor-shape elementor-shape-bottom\" aria-hidden=\"true\" data-negative=\"false\">\n\t\t\t<svg xmlns=\"http:\/\/www.w3.org\/2000\/svg\" viewBox=\"0 0 1000 100\" preserveAspectRatio=\"none\">\n\t<path class=\"elementor-shape-fill\" d=\"M0,6V0h1000v100L0,6z\"\/>\n<\/svg>\t\t<\/div>\n\t\t\t\t\t<\/div>\n\t\t\t\t<\/header>\n\t\t<div class=\"elementor-element elementor-element-0ade331 e-flex e-con-boxed e-con e-parent\" data-id=\"0ade331\" data-element_type=\"container\">\n\t\t\t\t\t<div class=\"e-con-inner\">\n\t\t<div class=\"elementor-element elementor-element-326815f e-con-full e-flex e-con e-child\" data-id=\"326815f\" data-element_type=\"container\">\n\t\t\t\t<div class=\"elementor-element elementor-element-23fb72b elementor-widget elementor-widget-heading\" data-id=\"23fb72b\" data-element_type=\"widget\" data-widget_type=\"heading.default\">\n\t\t\t\t<div class=\"elementor-widget-container\">\n\t\t\t\t\t<h2 class=\"elementor-heading-title elementor-size-default\">Entre em contacto com a nossa equipa extraordin\u00e1ria<\/h2>\t\t\t\t<\/div>\n\t\t\t\t<\/div>\n\t\t\t\t<div class=\"elementor-element elementor-element-894baa2 elementor-widget elementor-widget-text-editor\" data-id=\"894baa2\" data-element_type=\"widget\" data-widget_type=\"text-editor.default\">\n\t\t\t\t<div class=\"elementor-widget-container\">\n\t\t\t\t\t\t\t\t\t<p>Somos o seu parceiro para tornar a publicidade digital uma maravilha para si. <strong>Preencha o formul\u00e1rio<\/strong> e entraremos em contacto brevemente \u2014 estamos ansiosos por ouvir de si e entusiasmados para o auxiliar.<\/p><p><strong>Vamos iniciar esta conversa e desbloquear novas oportunidades em conjunto!<\/strong><\/p>\t\t\t\t\t\t\t\t<\/div>\n\t\t\t\t<\/div>\n\t\t\t\t<\/div>\n\t\t<div class=\"elementor-element elementor-element-d88834e e-con-full e-flex e-con e-child\" data-id=\"d88834e\" data-element_type=\"container\">\n\t\t\t\t<div class=\"elementor-element elementor-element-bd4731d elementor-widget elementor-widget-form\" data-id=\"bd4731d\" data-element_type=\"widget\" data-settings=\"{&quot;step_next_label&quot;:&quot;Seguinte&quot;,&quot;step_previous_label&quot;:&quot;Anterior&quot;,&quot;button_width&quot;:&quot;100&quot;,&quot;step_type&quot;:&quot;number_text&quot;,&quot;step_icon_shape&quot;:&quot;circle&quot;}\" data-widget_type=\"form.default\">\n\t\t\t\t<div class=\"elementor-widget-container\">\n\t\t\t\t\t\t\t<form class=\"elementor-form\" method=\"post\" name=\"Formul\u00e1rio de contacto para computador\" aria-label=\"Formul\u00e1rio de contacto para computador\" novalidate=\"\">\n\t\t\t<input type=\"hidden\" name=\"post_id\" value=\"8323\"\/>\n\t\t\t<input type=\"hidden\" name=\"form_id\" value=\"bd4731d\"\/>\n\t\t\t<input type=\"hidden\" name=\"referer_title\" value=\"Contacte-nos\" \/>\n\n\t\t\t\t\t\t\t<input type=\"hidden\" name=\"queried_id\" value=\"8323\"\/>\n\t\t\t\n\t\t\t<div class=\"elementor-form-fields-wrapper elementor-labels-above\">\n\t\t\t\t\t\t\t\t<div class=\"elementor-field-type-text elementor-field-group elementor-column elementor-field-group-field_3e83e0e elementor-col-50 elementor-field-required elementor-mark-required\">\n\t\t\t\t\t\t\t\t\t\t\t\t<label for=\"form-field-field_3e83e0e\" class=\"elementor-field-label\">\n\t\t\t\t\t\t\t\tNome Pr\u00f3prio\t\t\t\t\t\t\t<\/label>\n\t\t\t\t\t\t\t\t\t\t\t\t\t\t<input size=\"1\" type=\"text\" name=\"form_fields[field_3e83e0e]\" id=\"form-field-field_3e83e0e\" class=\"elementor-field elementor-size-sm  elementor-field-textual\" required=\"required\">\n\t\t\t\t\t\t\t\t\t\t\t<\/div>\n\t\t\t\t\t\t\t\t<div class=\"elementor-field-type-text elementor-field-group elementor-column elementor-field-group-name elementor-col-50 elementor-field-required elementor-mark-required\">\n\t\t\t\t\t\t\t\t\t\t\t\t<label for=\"form-field-name\" class=\"elementor-field-label\">\n\t\t\t\t\t\t\t\tApelido\t\t\t\t\t\t\t<\/label>\n\t\t\t\t\t\t\t\t\t\t\t\t\t\t<input size=\"1\" type=\"text\" name=\"form_fields[name]\" id=\"form-field-name\" class=\"elementor-field elementor-size-sm  elementor-field-textual\" required=\"required\">\n\t\t\t\t\t\t\t\t\t\t\t<\/div>\n\t\t\t\t\t\t\t\t<div class=\"elementor-field-type-email elementor-field-group elementor-column elementor-field-group-email elementor-col-50 elementor-field-required elementor-mark-required\">\n\t\t\t\t\t\t\t\t\t\t\t\t<label for=\"form-field-email\" class=\"elementor-field-label\">\n\t\t\t\t\t\t\t\tCorreio eletr\u00f3nico\t\t\t\t\t\t\t<\/label>\n\t\t\t\t\t\t\t\t\t\t\t\t\t\t<input size=\"1\" type=\"email\" name=\"form_fields[email]\" id=\"form-field-email\" class=\"elementor-field elementor-size-sm  elementor-field-textual\" required=\"required\">\n\t\t\t\t\t\t\t\t\t\t\t<\/div>\n\t\t\t\t\t\t\t\t<div class=\"elementor-field-type-text elementor-field-group elementor-column elementor-field-group-field_3ab8f17 elementor-col-50\">\n\t\t\t\t\t\t\t\t\t\t\t\t<label for=\"form-field-field_3ab8f17\" class=\"elementor-field-label\">\n\t\t\t\t\t\t\t\tCargo\t\t\t\t\t\t\t<\/label>\n\t\t\t\t\t\t\t\t\t\t\t\t\t\t<input size=\"1\" type=\"text\" name=\"form_fields[field_3ab8f17]\" id=\"form-field-field_3ab8f17\" class=\"elementor-field elementor-size-sm  elementor-field-textual\">\n\t\t\t\t\t\t\t\t\t\t\t<\/div>\n\t\t\t\t\t\t\t\t<div class=\"elementor-field-type-tel elementor-field-group elementor-column elementor-field-group-field_df8113e elementor-col-50\">\n\t\t\t\t\t\t\t\t\t\t\t\t<label for=\"form-field-field_df8113e\" class=\"elementor-field-label\">\n\t\t\t\t\t\t\t\tN\u00famero de telefone\t\t\t\t\t\t\t<\/label>\n\t\t\t\t\t\t\t\t<input size=\"1\" type=\"tel\" name=\"form_fields[field_df8113e]\" id=\"form-field-field_df8113e\" class=\"elementor-field elementor-size-sm  elementor-field-textual\" pattern=\"[0-9()#&amp;+*-=.]+\" title=\"Only numbers and phone characters (#, -, *, etc) are accepted.\">\n\n\t\t\t\t\t\t<\/div>\n\t\t\t\t\t\t\t\t<div class=\"elementor-field-type-text elementor-field-group elementor-column elementor-field-group-field_497edd1 elementor-col-50 elementor-field-required elementor-mark-required\">\n\t\t\t\t\t\t\t\t\t\t\t\t<label for=\"form-field-field_497edd1\" class=\"elementor-field-label\">\n\t\t\t\t\t\t\t\tPa\u00eds\t\t\t\t\t\t\t<\/label>\n\t\t\t\t\t\t\t\t\t\t\t\t\t\t<input size=\"1\" type=\"text\" name=\"form_fields[field_497edd1]\" id=\"form-field-field_497edd1\" class=\"elementor-field elementor-size-sm  elementor-field-textual\" required=\"required\">\n\t\t\t\t\t\t\t\t\t\t\t<\/div>\n\t\t\t\t\t\t\t\t<div class=\"elementor-field-type-text elementor-field-group elementor-column elementor-field-group-field_99c6d44 elementor-col-50\">\n\t\t\t\t\t\t\t\t\t\t\t\t<label for=\"form-field-field_99c6d44\" class=\"elementor-field-label\">\n\t\t\t\t\t\t\t\tEmpresa\t\t\t\t\t\t\t<\/label>\n\t\t\t\t\t\t\t\t\t\t\t\t\t\t<input size=\"1\" type=\"text\" name=\"form_fields[field_99c6d44]\" id=\"form-field-field_99c6d44\" class=\"elementor-field elementor-size-sm  elementor-field-textual\">\n\t\t\t\t\t\t\t\t\t\t\t<\/div>\n\t\t\t\t\t\t\t\t<div class=\"elementor-field-type-select elementor-field-group elementor-column elementor-field-group-field_845130c elementor-col-50 elementor-field-required elementor-mark-required\">\n\t\t\t\t\t\t\t\t\t\t\t\t<label for=\"form-field-field_845130c\" class=\"elementor-field-label\">\n\t\t\t\t\t\t\t\tTipo de empresa\t\t\t\t\t\t\t<\/label>\n\t\t\t\t\t\t\t\t<div class=\"elementor-field elementor-select-wrapper remove-before \">\n\t\t\t<div class=\"select-caret-down-wrapper\">\n\t\t\t\t<svg aria-hidden=\"true\" class=\"e-font-icon-svg e-eicon-caret-down\" viewBox=\"0 0 571.4 571.4\" xmlns=\"http:\/\/www.w3.org\/2000\/svg\"><path d=\"M571 393Q571 407 561 418L311 668Q300 679 286 679T261 668L11 418Q0 407 0 393T11 368 36 357H536Q550 357 561 368T571 393Z\"><\/path><\/svg>\t\t\t<\/div>\n\t\t\t<select name=\"form_fields[field_845130c]\" id=\"form-field-field_845130c\" class=\"elementor-field-textual elementor-size-sm\" required=\"required\">\n\t\t\t\t\t\t\t\t\t<option value=\"-\">-<\/option>\n\t\t\t\t\t\t\t\t\t<option value=\"anunciante\">anunciante<\/option>\n\t\t\t\t\t\t\t\t\t<option value=\"ag\u00eancia\">ag\u00eancia<\/option>\n\t\t\t\t\t\t\t\t\t<option value=\"editor\">editor<\/option>\n\t\t\t\t\t\t\t\t\t<option value=\"fornecedor de tecnologia\">fornecedor de tecnologia<\/option>\n\t\t\t\t\t\t\t\t\t<option value=\"investidor\">investidor<\/option>\n\t\t\t\t\t\t\t\t\t<option value=\"imprensa\">imprensa<\/option>\n\t\t\t\t\t\t\t\t\t<option value=\"candidato\">candidato<\/option>\n\t\t\t\t\t\t\t\t\t<option value=\"outro\">outro<\/option>\n\t\t\t\t\t\t\t<\/select>\n\t\t<\/div>\n\t\t\t\t\t\t<\/div>\n\t\t\t\t\t\t\t\t<div class=\"elementor-field-type-textarea elementor-field-group elementor-column elementor-field-group-message elementor-col-100 elementor-field-required elementor-mark-required\">\n\t\t\t\t\t\t\t\t\t\t\t\t<label for=\"form-field-message\" class=\"elementor-field-label\">\n\t\t\t\t\t\t\t\tMensagem\t\t\t\t\t\t\t<\/label>\n\t\t\t\t\t\t<textarea class=\"elementor-field-textual elementor-field  elementor-size-sm\" name=\"form_fields[message]\" id=\"form-field-message\" rows=\"8\" required=\"required\"><\/textarea>\t\t\t\t<\/div>\n\t\t\t\t\t\t\t\t<div class=\"elementor-field-type-select elementor-field-group elementor-column elementor-field-group-field_8ca4593 elementor-col-100\">\n\t\t\t\t\t\t\t\t\t\t\t\t<label for=\"form-field-field_8ca4593\" class=\"elementor-field-label\">\n\t\t\t\t\t\t\t\tComo tomou conhecimento de n\u00f3s?\t\t\t\t\t\t\t<\/label>\n\t\t\t\t\t\t\t\t<div class=\"elementor-field elementor-select-wrapper remove-before \">\n\t\t\t<div class=\"select-caret-down-wrapper\">\n\t\t\t\t<svg aria-hidden=\"true\" class=\"e-font-icon-svg e-eicon-caret-down\" viewBox=\"0 0 571.4 571.4\" xmlns=\"http:\/\/www.w3.org\/2000\/svg\"><path d=\"M571 393Q571 407 561 418L311 668Q300 679 286 679T261 668L11 418Q0 407 0 393T11 368 36 357H536Q550 357 561 368T571 393Z\"><\/path><\/svg>\t\t\t<\/div>\n\t\t\t<select name=\"form_fields[field_8ca4593]\" id=\"form-field-field_8ca4593\" class=\"elementor-field-textual elementor-size-sm\">\n\t\t\t\t\t\t\t\t\t<option value=\"-\">-<\/option>\n\t\t\t\t\t\t\t\t\t<option value=\"Recomenda\u00e7\u00e3o de um dos nossos clientes ou parceiros\">Recomenda\u00e7\u00e3o de um dos nossos clientes ou parceiros<\/option>\n\t\t\t\t\t\t\t\t\t<option value=\"Recomenda\u00e7\u00e3o de um colega\">Recomenda\u00e7\u00e3o de um colega<\/option>\n\t\t\t\t\t\t\t\t\t<option value=\"Motor de busca (Google, Bing...)\">Motor de busca (Google, Bing...)<\/option>\n\t\t\t\t\t\t\t\t\t<option value=\"LinkedIn\">LinkedIn<\/option>\n\t\t\t\t\t\t\t\t\t<option value=\"An\u00fancios\">An\u00fancios<\/option>\n\t\t\t\t\t\t\t\t\t<option value=\"Imprensa\">Imprensa<\/option>\n\t\t\t\t\t\t\t\t\t<option value=\"Evento\">Evento<\/option>\n\t\t\t\t\t\t\t\t\t<option value=\"Outro\">Outro<\/option>\n\t\t\t\t\t\t\t<\/select>\n\t\t<\/div>\n\t\t\t\t\t\t<\/div>\n\t\t\t\t\t\t\t\t<div class=\"elementor-field-type-recaptcha_v3 elementor-field-group elementor-column elementor-field-group-field_a42a3f7 elementor-col-100 recaptcha_v3-bottomright\">\n\t\t\t\t\t<div class=\"elementor-field\" id=\"form-field-field_a42a3f7\"><div class=\"elementor-g-recaptcha\" data-sitekey=\"6LfSkfQpAAAAAJjTh5ivHu3b9sjrFn4itutOSLqX\" data-type=\"v3\" data-action=\"Form\" data-badge=\"bottomright\" data-size=\"invisible\"><\/div><\/div>\t\t\t\t<\/div>\n\t\t\t\t\t\t\t\t<div class=\"elementor-field-group elementor-column elementor-field-type-submit elementor-col-100 e-form__buttons\">\n\t\t\t\t\t<button class=\"elementor-button elementor-size-sm\" type=\"submit\">\n\t\t\t\t\t\t<span class=\"elementor-button-content-wrapper\">\n\t\t\t\t\t\t\t\t\t\t\t\t\t\t\t\t\t\t\t\t\t\t<span class=\"elementor-button-text\">Enviar<\/span>\n\t\t\t\t\t\t\t\t\t\t\t\t\t<\/span>\n\t\t\t\t\t<\/button>\n\t\t\t\t<\/div>\n\t\t\t<\/div>\n\t\t<\/form>\n\t\t\t\t\t\t<\/div>\n\t\t\t\t<\/div>\n\t\t\t\t<\/div>\n\t\t\t\t\t<\/div>\n\t\t\t\t<\/div>\n\t\t<div class=\"elementor-element elementor-element-3bd20756 e-flex e-con-boxed e-con e-parent\" data-id=\"3bd20756\" data-element_type=\"container\" data-settings=\"{&quot;background_background&quot;:&quot;classic&quot;}\">\n\t\t\t\t\t<div class=\"e-con-inner\">\n\t\t<div class=\"elementor-element elementor-element-581d9852 e-flex e-con-boxed e-con e-child\" data-id=\"581d9852\" data-element_type=\"container\">\n\t\t\t\t\t<div class=\"e-con-inner\">\n\t\t\t\t<div class=\"elementor-element elementor-element-745b48be elementor-widget elementor-widget-heading\" data-id=\"745b48be\" data-element_type=\"widget\" data-widget_type=\"heading.default\">\n\t\t\t\t<div class=\"elementor-widget-container\">\n\t\t\t\t\t<h2 class=\"elementor-heading-title elementor-size-default\"><h2 class=\"elementor-heading-title elementor-size-default elementor-inline-editing\" data-elementor-setting-key=\"title\"> <span class=\"gradient-text\">Parceiro de confian\u00e7a<\/span> de muitas empresas<\/h2><\/h2>\t\t\t\t<\/div>\n\t\t\t\t<\/div>\n\t\t\t\t<div class=\"elementor-element elementor-element-b90af1b elementor-widget elementor-widget-gallery\" data-id=\"b90af1b\" data-element_type=\"widget\" data-settings=\"{&quot;columns&quot;:5,&quot;gap&quot;:{&quot;unit&quot;:&quot;px&quot;,&quot;size&quot;:50,&quot;sizes&quot;:[]},&quot;aspect_ratio&quot;:&quot;21:9&quot;,&quot;columns_tablet&quot;:5,&quot;columns_mobile&quot;:2,&quot;gap_tablet&quot;:{&quot;unit&quot;:&quot;px&quot;,&quot;size&quot;:25,&quot;sizes&quot;:[]},&quot;image_hover_animation&quot;:&quot;grow&quot;,&quot;lazyload&quot;:&quot;yes&quot;,&quot;gallery_layout&quot;:&quot;grid&quot;,&quot;gap_mobile&quot;:{&quot;unit&quot;:&quot;px&quot;,&quot;size&quot;:10,&quot;sizes&quot;:[]},&quot;content_hover_animation&quot;:&quot;fade-in&quot;}\" data-widget_type=\"gallery.default\">\n\t\t\t\t<div class=\"elementor-widget-container\">\n\t\t\t\t\t\t\t<div class=\"elementor-gallery__container\">\n\t\t\t\t\t\t\t<div class=\"e-gallery-item elementor-gallery-item elementor-animated-content\">\n\t\t\t\t\t<div class=\"e-gallery-image elementor-gallery-item__image\" data-thumbnail=\"https:\/\/impactify.io\/wp-content\/uploads\/2024\/04\/Untitled-1_forbes.svg\" data-width=\"400\" data-height=\"400\" aria-label=\"Forbes brand\" role=\"img\" ><\/div>\n\t\t\t\t\t\t\t\t\t\t\t\t\t\t<\/div>\n\t\t\t\t\t\t\t<div class=\"e-gallery-item elementor-gallery-item elementor-animated-content\">\n\t\t\t\t\t<div class=\"e-gallery-image elementor-gallery-item__image\" data-thumbnail=\"https:\/\/impactify.io\/wp-content\/uploads\/2024\/06\/Eatde-1.svg\" data-width=\"500\" data-height=\"500\" aria-label=\"\" role=\"img\" ><\/div>\n\t\t\t\t\t\t\t\t\t\t\t\t\t\t<\/div>\n\t\t\t\t\t\t\t<div class=\"e-gallery-item elementor-gallery-item elementor-animated-content\">\n\t\t\t\t\t<div class=\"e-gallery-image elementor-gallery-item__image\" data-thumbnail=\"https:\/\/impactify.io\/wp-content\/uploads\/2024\/04\/Untitled-1_line-today.svg\" data-width=\"400\" data-height=\"400\" aria-label=\"line today brand\" role=\"img\" ><\/div>\n\t\t\t\t\t\t\t\t\t\t\t\t\t\t<\/div>\n\t\t\t\t\t\t\t<div class=\"e-gallery-item elementor-gallery-item elementor-animated-content\">\n\t\t\t\t\t<div class=\"e-gallery-image elementor-gallery-item__image\" data-thumbnail=\"https:\/\/impactify.io\/wp-content\/uploads\/2024\/04\/small-apple.svg\" data-width=\"400\" data-height=\"400\" aria-label=\"Apple brand\" role=\"img\" ><\/div>\n\t\t\t\t\t\t\t\t\t\t\t\t\t\t<\/div>\n\t\t\t\t\t\t\t<div class=\"e-gallery-item elementor-gallery-item elementor-animated-content\">\n\t\t\t\t\t<div class=\"e-gallery-image elementor-gallery-item__image\" data-thumbnail=\"https:\/\/impactify.io\/wp-content\/uploads\/2024\/04\/Untitled-1_newsweek.svg\" data-width=\"400\" data-height=\"400\" aria-label=\"newsweek brand\" role=\"img\" ><\/div>\n\t\t\t\t\t\t\t\t\t\t\t\t\t\t<\/div>\n\t\t\t\t\t\t\t<div class=\"e-gallery-item elementor-gallery-item elementor-animated-content\">\n\t\t\t\t\t<div class=\"e-gallery-image elementor-gallery-item__image\" data-thumbnail=\"https:\/\/impactify.io\/wp-content\/uploads\/2025\/01\/Magnite.svg\" data-width=\"600\" data-height=\"450\" aria-label=\"\" role=\"img\" ><\/div>\n\t\t\t\t\t\t\t\t\t\t\t\t\t\t<\/div>\n\t\t\t\t\t\t\t<div class=\"e-gallery-item elementor-gallery-item elementor-animated-content\">\n\t\t\t\t\t<div class=\"e-gallery-image elementor-gallery-item__image\" data-thumbnail=\"https:\/\/impactify.io\/wp-content\/uploads\/2025\/01\/Google-2.svg\" data-width=\"1200\" data-height=\"800\" aria-label=\"\" role=\"img\" ><\/div>\n\t\t\t\t\t\t\t\t\t\t\t\t\t\t<\/div>\n\t\t\t\t\t\t\t<div class=\"e-gallery-item elementor-gallery-item elementor-animated-content\">\n\t\t\t\t\t<div class=\"e-gallery-image elementor-gallery-item__image\" data-thumbnail=\"https:\/\/impactify.io\/wp-content\/uploads\/2024\/04\/Untitled-1_huffpost.svg\" data-width=\"400\" data-height=\"400\" aria-label=\"huffpost brand\" role=\"img\" ><\/div>\n\t\t\t\t\t\t\t\t\t\t\t\t\t\t<\/div>\n\t\t\t\t\t\t\t<div class=\"e-gallery-item elementor-gallery-item elementor-animated-content\">\n\t\t\t\t\t<div class=\"e-gallery-image elementor-gallery-item__image\" data-thumbnail=\"https:\/\/impactify.io\/wp-content\/uploads\/2024\/06\/20Minutes-1.svg\" data-width=\"500\" data-height=\"500\" aria-label=\"\" role=\"img\" ><\/div>\n\t\t\t\t\t\t\t\t\t\t\t\t\t\t<\/div>\n\t\t\t\t\t\t\t<div class=\"e-gallery-item elementor-gallery-item elementor-animated-content\">\n\t\t\t\t\t<div class=\"e-gallery-image elementor-gallery-item__image\" data-thumbnail=\"https:\/\/impactify.io\/wp-content\/uploads\/2024\/04\/Untitled-1_mashable.svg\" data-width=\"400\" data-height=\"400\" aria-label=\"mashable brand\" role=\"img\" ><\/div>\n\t\t\t\t\t\t\t\t\t\t\t\t\t\t<\/div>\n\t\t\t\t\t<\/div>\n\t\t\t\t\t<\/div>\n\t\t\t\t<\/div>\n\t\t\t\t\t<\/div>\n\t\t\t\t<\/div>\n\t\t\t\t\t<\/div>\n\t\t\t\t<\/div>\n\t\t\t\t<\/div>\n\t\t","protected":false},"excerpt":{"rendered":"<p>Entre em contacto com a nossa equipa extraordin\u00e1ria Somos o seu parceiro para tornar a publicidade digital uma maravilha para si. Preencha o formul\u00e1rio e entraremos em contacto brevemente \u2014 estamos ansiosos por ouvir de si e entusiasmados para o auxiliar. Vamos iniciar esta conversa e desbloquear novas oportunidades em conjunto! Parceiro de confian\u00e7a de [&hellip;]<\/p>\n","protected":false},"author":249730118,"featured_media":0,"parent":0,"menu_order":0,"comment_status":"closed","ping_status":"closed","template":"elementor_header_footer","meta":{"_crdt_document":"","inline_featured_image":false,"advanced_seo_description":"","jetpack_seo_html_title":"","jetpack_seo_noindex":false,"jetpack_post_was_ever_published":false,"footnotes":""},"class_list":["post-8323","page","type-page","status-publish","hentry"],"jetpack_likes_enabled":true,"jetpack_sharing_enabled":true,"jetpack_shortlink":"https:\/\/wp.me\/PfIqIm-2af","jetpack-related-posts":[{"id":8306,"url":"https:\/\/impactify.io\/pt-pt\/sobre-a-impactify\/","url_meta":{"origin":8323,"position":0},"title":"Sobre a impactify","author":"Aurelie","date":"Abril 23, 2024","format":false,"excerpt":"Bem-vindo \u00e0 Impactify! Onde a inova\u00e7\u00e3o encontra o impacto Quem somos A nossa equipa dedica-se a redefinir a forma como a publicidade digital \u00e9 experienciada tanto por editores como por anunciantes. Acreditamos que a publicidade eficaz deve melhorar, e n\u00e3o interromper, a experi\u00eancia do utilizador, pelo que nos comprometemos a\u2026","rel":"","context":"Similar post","block_context":{"text":"Similar post","link":""},"img":{"alt_text":"","src":"","width":0,"height":0},"classes":[]},{"id":8288,"url":"https:\/\/impactify.io\/pt-pt\/para-editores\/","url_meta":{"origin":8323,"position":1},"title":"Para publishers","author":"Aurelie","date":"Maio 5, 2024","format":false,"excerpt":"Maximize a sua receita de an\u00fancios com a Impactify Monetize o seu conte\u00fado com formatos de an\u00fancios de alto impacto e f\u00e1ceis de usar, que aumentam engajamento e ganhos Comece a monetizar Confi\u00e1vel para publishers, adorado pelos anunciantes A principal solu\u00e7\u00e3o de Sticky Footer Ads do mercado Por que os\u2026","rel":"","context":"Similar post","block_context":{"text":"Similar post","link":""},"img":{"alt_text":"","src":"","width":0,"height":0},"classes":[]},{"id":8325,"url":"https:\/\/impactify.io\/pt-pt\/perguntas-frequentes\/","url_meta":{"origin":8323,"position":2},"title":"Perguntas Frequentes","author":"Aurelie","date":"Abril 26, 2024","format":false,"excerpt":"O que \u00e9 o impactify? Somos uma plataforma de monetiza\u00e7\u00e3o premium concebida para auxiliar os editores a aumentar as suas receitas e impulsionar as marcas a terem um maior impacto nos seus p\u00fablicos-alvo. Por que escolher o impactify? As nossas unidades publicit\u00e1rias \u00fanicas representam uma abordagem inovadora na monetiza\u00e7\u00e3o do\u2026","rel":"","context":"Similar post","block_context":{"text":"Similar post","link":""},"img":{"alt_text":"","src":"","width":0,"height":0},"classes":[]},{"id":8295,"url":"https:\/\/impactify.io\/pt-pt\/anunciantes\/","url_meta":{"origin":8323,"position":3},"title":"Anunciantes","author":"Aurelie","date":"Maio 5, 2024","format":false,"excerpt":"Molde o Futuro da Publicidade: Crie com Impacto Vamos bater um papo Fure o bloqueio e cause impacto Comece agora Casos de Sucesso Descubra como as marcas criaram impacto https:\/\/cdn.impactify.media\/medias\/creatives\/transparent-demos\/666228007a64f.mp4 Toyota A Toyota lan\u00e7ou uma campanha de alta octanagem para divulgar seu sorteio COE na temporada festiva, despertando entusiasmo em\u2026","rel":"","context":"Similar post","block_context":{"text":"Similar post","link":""},"img":{"alt_text":"","src":"","width":0,"height":0},"classes":[]},{"id":8274,"url":"https:\/\/impactify.io\/pt-pt\/","url_meta":{"origin":8323,"position":4},"title":"P\u00e1gina Inicial","author":"Aurelie","date":"Junho 6, 2024","format":false,"excerpt":"Publicidade de alto impacto Na Impactify, a inova\u00e7\u00e3o encontra o impacto! A nossa plataforma de an\u00fancios oferece formatos de alto impacto focados na experi\u00eancia do usu\u00e1rio e em viewability. Eleve sua marca com a gente! Sou um publisher Sou um anunciante Transparente Display 3D An\u00fancios envolventes que funcionam para todo\u2026","rel":"","context":"Similar post","block_context":{"text":"Similar post","link":""},"img":{"alt_text":"","src":"","width":0,"height":0},"classes":[]},{"id":7160,"url":"https:\/\/impactify.io\/es\/preguntas-frecuentes\/","url_meta":{"origin":8323,"position":5},"title":"Preguntas Frecuentes","author":"Aurelie","date":"Abril 26, 2024","format":false,"excerpt":"\u00bfQu\u00e9 es Impactify? Somos una plataforma de monetizaci\u00f3n premium dise\u00f1ada para ayudar a los editores a aumentar sus ingresos, y empujar a las marcas a tener un mayor impacto en sus audiencias objetivo. \u00bfPor qu\u00e9 elegir Impactify? Nuestros exclusivos bloques de anuncios representan un enfoque totalmente nuevo para monetizar tu\u2026","rel":"","context":"Similar post","block_context":{"text":"Similar post","link":""},"img":{"alt_text":"","src":"","width":0,"height":0},"classes":[]}],"_links":{"self":[{"href":"https:\/\/impactify.io\/pt-pt\/wp-json\/wp\/v2\/pages\/8323","targetHints":{"allow":["GET"]}}],"collection":[{"href":"https:\/\/impactify.io\/pt-pt\/wp-json\/wp\/v2\/pages"}],"about":[{"href":"https:\/\/impactify.io\/pt-pt\/wp-json\/wp\/v2\/types\/page"}],"author":[{"embeddable":true,"href":"https:\/\/impactify.io\/pt-pt\/wp-json\/wp\/v2\/users\/249730118"}],"replies":[{"embeddable":true,"href":"https:\/\/impactify.io\/pt-pt\/wp-json\/wp\/v2\/comments?post=8323"}],"version-history":[{"count":2,"href":"https:\/\/impactify.io\/pt-pt\/wp-json\/wp\/v2\/pages\/8323\/revisions"}],"predecessor-version":[{"id":8626,"href":"https:\/\/impactify.io\/pt-pt\/wp-json\/wp\/v2\/pages\/8323\/revisions\/8626"}],"wp:attachment":[{"href":"https:\/\/impactify.io\/pt-pt\/wp-json\/wp\/v2\/media?parent=8323"}],"curies":[{"name":"wp","href":"https:\/\/api.w.org\/{rel}","templated":true}]}}